{"id":1290,"date":"2022-05-13T12:40:41","date_gmt":"2022-05-13T12:40:41","guid":{"rendered":"https:\/\/bscomputer.com\/?page_id=1290"},"modified":"2025-11-07T12:24:35","modified_gmt":"2025-11-07T12:24:35","slug":"servis-opreme","status":"publish","type":"page","link":"https:\/\/bscomputer.com\/en\/servis-opreme\/","title":{"rendered":"Equipment servicing"},"content":{"rendered":"<div data-elementor-type=\"wp-page\" data-elementor-id=\"1290\" class=\"elementor elementor-1290\" data-elementor-post-type=\"page\">\n\t\t\t\t\t\t<section class=\"elementor-section elementor-top-section elementor-element elementor-element-8b519e2 elementor-section-boxed elementor-section-height-default elementor-section-height-default\" data-id=\"8b519e2\" data-element_type=\"section\" data-e-type=\"section\" data-settings=\"{&quot;background_background&quot;:&quot;classic&quot;}\">\n\t\t\t\t\t\t\t<div class=\"elementor-background-overlay\"><\/div>\n\t\t\t\t\t\t\t<div class=\"elementor-container elementor-column-gap-default\">\n\t\t\t\t\t<div class=\"elementor-column elementor-col-100 elementor-top-column elementor-element elementor-element-e8871e9\" data-id=\"e8871e9\" data-element_type=\"column\" data-e-type=\"column\">\n\t\t\t<div class=\"elementor-widget-wrap elementor-element-populated\">\n\t\t\t\t\t\t<div class=\"elementor-element elementor-element-8dbdf80 elementor-widget elementor-widget-heading\" data-id=\"8dbdf80\" data-element_type=\"widget\" data-e-type=\"widget\" data-widget_type=\"heading.default\">\n\t\t\t\t<div class=\"elementor-widget-container\">\n\t\t\t\t\t<h2 class=\"elementor-heading-title elementor-size-default\">Equipment servicing<\/h2>\t\t\t\t<\/div>\n\t\t\t\t<\/div>\n\t\t\t\t<div class=\"elementor-element elementor-element-3da1708 elementor-widget elementor-widget-text-editor\" data-id=\"3da1708\" data-element_type=\"widget\" data-e-type=\"widget\" data-widget_type=\"text-editor.default\">\n\t\t\t\t<div class=\"elementor-widget-container\">\n\t\t\t\t\t\t\t\t\t<a href=\"https:\/\/bscomputer.com\/en\/\"><span style=\"color: #000000;\">BS Computer &gt;<\/span><\/a><span style=\"color: #000000;\"><a style=\"color: #000000;\" href=\"https:\/\/bscomputer.com\/en\/#usluge\"> Services<\/a> &gt;<\/span> <span style=\"color: #38bac6;\">Equipment servicing<\/span><\/a>\t\t\t\t\t\t\t\t<\/div>\n\t\t\t\t<\/div>\n\t\t\t\t\t<\/div>\n\t\t<\/div>\n\t\t\t\t\t<\/div>\n\t\t<\/section>\n\t\t\t\t<section class=\"elementor-section elementor-top-section elementor-element elementor-element-a7f8d55 elementor-reverse-tablet elementor-reverse-mobile elementor-section-boxed elementor-section-height-default elementor-section-height-default\" data-id=\"a7f8d55\" data-element_type=\"section\" data-e-type=\"section\">\n\t\t\t\t\t\t<div class=\"elementor-container elementor-column-gap-custom\">\n\t\t\t\t\t<div class=\"elementor-column elementor-col-50 elementor-top-column elementor-element elementor-element-c59f91d\" data-id=\"c59f91d\" data-element_type=\"column\" data-e-type=\"column\">\n\t\t\t<div class=\"elementor-widget-wrap elementor-element-populated\">\n\t\t\t\t\t\t<div class=\"elementor-element elementor-element-eda6807 elementor-widget elementor-widget-image\" data-id=\"eda6807\" data-element_type=\"widget\" data-e-type=\"widget\" data-widget_type=\"image.default\">\n\t\t\t\t<div class=\"elementor-widget-container\">\n\t\t\t\t\t\t\t\t\t\t\t\t\t\t\t<img fetchpriority=\"high\" decoding=\"async\" width=\"2345\" height=\"1432\" src=\"https:\/\/bscomputer.com\/wp-content\/uploads\/2022\/05\/o-nama.png\" class=\"attachment-full size-full wp-image-1273\" alt=\"\" srcset=\"https:\/\/bscomputer.com\/wp-content\/uploads\/2022\/05\/o-nama.png 2345w, https:\/\/bscomputer.com\/wp-content\/uploads\/2022\/05\/o-nama-300x183.png 300w, https:\/\/bscomputer.com\/wp-content\/uploads\/2022\/05\/o-nama-1024x625.png 1024w, https:\/\/bscomputer.com\/wp-content\/uploads\/2022\/05\/o-nama-768x469.png 768w, https:\/\/bscomputer.com\/wp-content\/uploads\/2022\/05\/o-nama-1536x938.png 1536w, https:\/\/bscomputer.com\/wp-content\/uploads\/2022\/05\/o-nama-2048x1251.png 2048w\" sizes=\"(max-width: 2345px) 100vw, 2345px\" \/>\t\t\t\t\t\t\t\t\t\t\t\t\t\t\t<\/div>\n\t\t\t\t<\/div>\n\t\t\t\t\t<\/div>\n\t\t<\/div>\n\t\t\t\t<div class=\"elementor-column elementor-col-50 elementor-top-column elementor-element elementor-element-9629c62\" data-id=\"9629c62\" data-element_type=\"column\" data-e-type=\"column\">\n\t\t\t<div class=\"elementor-widget-wrap elementor-element-populated\">\n\t\t\t\t\t\t<div class=\"elementor-element elementor-element-205bccb elementor-widget elementor-widget-text-editor\" data-id=\"205bccb\" data-element_type=\"widget\" data-e-type=\"widget\" data-widget_type=\"text-editor.default\">\n\t\t\t\t<div class=\"elementor-widget-container\">\n\t\t\t\t\t\t\t\t\t<p>\/\/ Services<\/p>\t\t\t\t\t\t\t\t<\/div>\n\t\t\t\t<\/div>\n\t\t\t\t<div class=\"elementor-element elementor-element-5bc4e14 elementor-widget elementor-widget-text-editor\" data-id=\"5bc4e14\" data-element_type=\"widget\" data-e-type=\"widget\" data-widget_type=\"text-editor.default\">\n\t\t\t\t<div class=\"elementor-widget-container\">\n\t\t\t\t\t\t\t\t\t<p>Servis and maintenance <span style=\"color: #38bac6;\">computers<\/span><\/p>\t\t\t\t\t\t\t\t<\/div>\n\t\t\t\t<\/div>\n\t\t\t\t<div class=\"elementor-element elementor-element-ad8c884 elementor-widget elementor-widget-text-editor\" data-id=\"ad8c884\" data-element_type=\"widget\" data-e-type=\"widget\" data-widget_type=\"text-editor.default\">\n\t\t\t\t<div class=\"elementor-widget-container\">\n\t\t\t\t\t\t\t\t\t<p>The BS Computer service department is fully equipped and qualified to maintain your desktop and laptop computers, as well as all types of servers. <\/p>\t\t\t\t\t\t\t\t<\/div>\n\t\t\t\t<\/div>\n\t\t\t\t<div class=\"elementor-element elementor-element-74c029c elementor-widget elementor-widget-text-editor\" data-id=\"74c029c\" data-element_type=\"widget\" data-e-type=\"widget\" data-widget_type=\"text-editor.default\">\n\t\t\t\t<div class=\"elementor-widget-container\">\n\t\t\t\t\t\t\t\t\t<p>A partnership with Dell and other major computer equipment manufacturers allows us to maintain a constant stock of original spare parts, enabling us to perform all types of equipment repairs quickly and efficiently, either at the client\u2019s location or in our service center.<\/p>\t\t\t\t\t\t\t\t<\/div>\n\t\t\t\t<\/div>\n\t\t\t\t<div class=\"elementor-element elementor-element-8228524 elementor-widget elementor-widget-text-editor\" data-id=\"8228524\" data-element_type=\"widget\" data-e-type=\"widget\" data-widget_type=\"text-editor.default\">\n\t\t\t\t<div class=\"elementor-widget-container\">\n\t\t\t\t\t\t\t\t\t<p>Some of the equipment servicing options we can offer include:<\/p>\t\t\t\t\t\t\t\t<\/div>\n\t\t\t\t<\/div>\n\t\t\t\t<div class=\"elementor-element elementor-element-9525652 elementor-icon-list--layout-inline elementor-tablet-align-center elementor-list-item-link-full_width elementor-widget elementor-widget-icon-list\" data-id=\"9525652\" data-element_type=\"widget\" data-e-type=\"widget\" data-widget_type=\"icon-list.default\">\n\t\t\t\t<div class=\"elementor-widget-container\">\n\t\t\t\t\t\t\t<ul class=\"elementor-icon-list-items elementor-inline-items\">\n\t\t\t\t\t\t\t<li class=\"elementor-icon-list-item elementor-inline-item\">\n\t\t\t\t\t\t\t\t\t\t\t<span class=\"elementor-icon-list-icon\">\n\t\t\t\t\t\t\t<i aria-hidden=\"true\" class=\"fas fa-check\"><\/i>\t\t\t\t\t\t<\/span>\n\t\t\t\t\t\t\t\t\t\t<span class=\"elementor-icon-list-text\">Computer servicing.<\/span>\n\t\t\t\t\t\t\t\t\t<\/li>\n\t\t\t\t\t\t\t\t<li class=\"elementor-icon-list-item elementor-inline-item\">\n\t\t\t\t\t\t\t\t\t\t\t<span class=\"elementor-icon-list-icon\">\n\t\t\t\t\t\t\t<i aria-hidden=\"true\" class=\"fas fa-check\"><\/i>\t\t\t\t\t\t<\/span>\n\t\t\t\t\t\t\t\t\t\t<span class=\"elementor-icon-list-text\">Servicing of computer peripheral devices.<\/span>\n\t\t\t\t\t\t\t\t\t<\/li>\n\t\t\t\t\t\t<\/ul>\n\t\t\t\t\t\t<\/div>\n\t\t\t\t<\/div>\n\t\t\t\t<div class=\"elementor-element elementor-element-5bc3c0a elementor-icon-list--layout-inline elementor-tablet-align-center elementor-list-item-link-full_width elementor-widget elementor-widget-icon-list\" data-id=\"5bc3c0a\" data-element_type=\"widget\" data-e-type=\"widget\" data-widget_type=\"icon-list.default\">\n\t\t\t\t<div class=\"elementor-widget-container\">\n\t\t\t\t\t\t\t<ul class=\"elementor-icon-list-items elementor-inline-items\">\n\t\t\t\t\t\t\t<li class=\"elementor-icon-list-item elementor-inline-item\">\n\t\t\t\t\t\t\t\t\t\t\t<span class=\"elementor-icon-list-icon\">\n\t\t\t\t\t\t\t<i aria-hidden=\"true\" class=\"fas fa-check\"><\/i>\t\t\t\t\t\t<\/span>\n\t\t\t\t\t\t\t\t\t\t<span class=\"elementor-icon-list-text\">Network equipment servicing<\/span>\n\t\t\t\t\t\t\t\t\t<\/li>\n\t\t\t\t\t\t\t\t<li class=\"elementor-icon-list-item elementor-inline-item\">\n\t\t\t\t\t\t\t\t\t\t\t<span class=\"elementor-icon-list-icon\">\n\t\t\t\t\t\t\t<i aria-hidden=\"true\" class=\"fas fa-check\"><\/i>\t\t\t\t\t\t<\/span>\n\t\t\t\t\t\t\t\t\t\t<span class=\"elementor-icon-list-text\">Equipment fault detection and analysis<\/span>\n\t\t\t\t\t\t\t\t\t<\/li>\n\t\t\t\t\t\t<\/ul>\n\t\t\t\t\t\t<\/div>\n\t\t\t\t<\/div>\n\t\t\t\t<div class=\"elementor-element elementor-element-f0cf6a1 elementor-icon-list--layout-inline elementor-tablet-align-center elementor-list-item-link-full_width elementor-widget elementor-widget-icon-list\" data-id=\"f0cf6a1\" data-element_type=\"widget\" data-e-type=\"widget\" data-widget_type=\"icon-list.default\">\n\t\t\t\t<div class=\"elementor-widget-container\">\n\t\t\t\t\t\t\t<ul class=\"elementor-icon-list-items elementor-inline-items\">\n\t\t\t\t\t\t\t<li class=\"elementor-icon-list-item elementor-inline-item\">\n\t\t\t\t\t\t\t\t\t\t\t<span class=\"elementor-icon-list-icon\">\n\t\t\t\t\t\t\t<i aria-hidden=\"true\" class=\"fas fa-check\"><\/i>\t\t\t\t\t\t<\/span>\n\t\t\t\t\t\t\t\t\t\t<span class=\"elementor-icon-list-text\">Data recovery from storage media<\/span>\n\t\t\t\t\t\t\t\t\t<\/li>\n\t\t\t\t\t\t<\/ul>\n\t\t\t\t\t\t<\/div>\n\t\t\t\t<\/div>\n\t\t\t\t\t<\/div>\n\t\t<\/div>\n\t\t\t\t\t<\/div>\n\t\t<\/section>\n\t\t\t\t<\/div>","protected":false},"excerpt":{"rendered":"<p>Servis opreme BS Computer &gt; Usluge &gt; Servis opreme \/\/ Usluge Servis i odr\u017eavanje ra\u010dunara Servis firme BS Computer je u potpunosti opremljen i osposobljen za odr\u017eavanje Va\u0161ih desktop i laptop ra\u010dunara, kao i svih vrsta servera. Partnerski odnos sa firmom Dell i drugim velikim proizvo\u0111a\u010dima ra\u010dunarske opreme omogu\u0107ava nam da imamo stalno dostupan lager [&hellip;]<\/p>\n","protected":false},"author":2,"featured_media":0,"parent":0,"menu_order":0,"comment_status":"closed","ping_status":"closed","template":"","meta":{"site-sidebar-layout":"no-sidebar","site-content-layout":"page-builder","ast-site-content-layout":"default","site-content-style":"default","site-sidebar-style":"default","ast-global-header-display":"","ast-banner-title-visibility":"","ast-main-header-display":"","ast-hfb-above-header-display":"","ast-hfb-below-header-display":"","ast-hfb-mobile-header-display":"","site-post-title":"disabled","ast-breadcrumbs-content":"","ast-featured-img":"disabled","footer-sml-layout":"","ast-disable-related-posts":"","theme-transparent-header-meta":"","adv-header-id-meta":"","stick-header-meta":"","header-above-stick-meta":"","header-main-stick-meta":"","header-below-stick-meta":"","astra-migrate-meta-layouts":"default","ast-page-background-enabled":"default","ast-page-background-meta":{"desktop":{"background-color":"","background-image":"","background-repeat":"repeat","background-position":"center center","background-size":"auto","background-attachment":"scroll","background-type":"","background-media":"","overlay-type":"","overlay-color":"","overlay-opacity":"","overlay-gradient":""},"tablet":{"background-color":"","background-image":"","background-repeat":"repeat","background-position":"center center","background-size":"auto","background-attachment":"scroll","background-type":"","background-media":"","overlay-type":"","overlay-color":"","overlay-opacity":"","overlay-gradient":""},"mobile":{"background-color":"","background-image":"","background-repeat":"repeat","background-position":"center center","background-size":"auto","background-attachment":"scroll","background-type":"","background-media":"","overlay-type":"","overlay-color":"","overlay-opacity":"","overlay-gradient":""}},"ast-content-background-meta":{"desktop":{"background-color":"var(--ast-global-color-5)","background-image":"","background-repeat":"repeat","background-position":"center center","background-size":"auto","background-attachment":"scroll","background-type":"","background-media":"","overlay-type":"","overlay-color":"","overlay-opacity":"","overlay-gradient":""},"tablet":{"background-color":"var(--ast-global-color-5)","background-image":"","background-repeat":"repeat","background-position":"center center","background-size":"auto","background-attachment":"scroll","background-type":"","background-media":"","overlay-type":"","overlay-color":"","overlay-opacity":"","overlay-gradient":""},"mobile":{"background-color":"var(--ast-global-color-5)","background-image":"","background-repeat":"repeat","background-position":"center center","background-size":"auto","background-attachment":"scroll","background-type":"","background-media":"","overlay-type":"","overlay-color":"","overlay-opacity":"","overlay-gradient":""}},"footnotes":""},"class_list":["post-1290","page","type-page","status-publish","hentry"],"yoast_head":"<!-- This site is optimized with the Yoast SEO plugin v27.2 - https:\/\/yoast.com\/product\/yoast-seo-wordpress\/ -->\n<title>BS Computer - servis opreme<\/title>\n<meta name=\"description\" content=\"Servis firme BS Computer je u potpunosti opremljen i osposobljen za odr\u017eavanje Va\u0161ih desktop i laptop ra\u010dunara, kao i svih vrsta servera.\" \/>\n<meta name=\"robots\" content=\"index, follow, max-snippet:-1, max-image-preview:large, max-video-preview:-1\" \/>\n<link rel=\"canonical\" href=\"https:\/\/bscomputer.com\/en\/servis-opreme\/\" \/>\n<meta property=\"og:locale\" content=\"en_GB\" \/>\n<meta property=\"og:type\" content=\"article\" \/>\n<meta property=\"og:title\" content=\"BS Computer - servis opreme\" \/>\n<meta property=\"og:description\" content=\"Servis firme BS Computer je u potpunosti opremljen i osposobljen za odr\u017eavanje Va\u0161ih desktop i laptop ra\u010dunara, kao i svih vrsta servera.\" \/>\n<meta property=\"og:url\" content=\"https:\/\/bscomputer.com\/en\/servis-opreme\/\" \/>\n<meta property=\"og:site_name\" content=\"Knows how\" \/>\n<meta property=\"article:publisher\" content=\"https:\/\/www.facebook.com\/bscomputerzr\/\" \/>\n<meta property=\"article:modified_time\" content=\"2025-11-07T12:24:35+00:00\" \/>\n<meta property=\"og:image\" content=\"https:\/\/bscomputer.com\/wp-content\/uploads\/2022\/05\/o-nama.png\" \/>\n\t<meta property=\"og:image:width\" content=\"2345\" \/>\n\t<meta property=\"og:image:height\" content=\"1432\" \/>\n\t<meta property=\"og:image:type\" content=\"image\/png\" \/>\n<meta name=\"twitter:card\" content=\"summary_large_image\" \/>\n<meta name=\"twitter:site\" content=\"@bscomputerzr\" \/>\n<meta name=\"twitter:label1\" content=\"Estimated reading time\" \/>\n\t<meta name=\"twitter:data1\" content=\"1 minute\" \/>\n<script type=\"application\/ld+json\" class=\"yoast-schema-graph\">{\"@context\":\"https:\/\/schema.org\",\"@graph\":[{\"@type\":\"WebPage\",\"@id\":\"https:\/\/bscomputer.com\/servis-opreme\/\",\"url\":\"https:\/\/bscomputer.com\/servis-opreme\/\",\"name\":\"BS Computer - servis opreme\",\"isPartOf\":{\"@id\":\"https:\/\/bscomputer.com\/#website\"},\"primaryImageOfPage\":{\"@id\":\"https:\/\/bscomputer.com\/servis-opreme\/#primaryimage\"},\"image\":{\"@id\":\"https:\/\/bscomputer.com\/servis-opreme\/#primaryimage\"},\"thumbnailUrl\":\"https:\/\/bscomputer.com\/wp-content\/uploads\/2022\/05\/o-nama.png\",\"datePublished\":\"2022-05-13T12:40:41+00:00\",\"dateModified\":\"2025-11-07T12:24:35+00:00\",\"description\":\"Servis firme BS Computer je u potpunosti opremljen i osposobljen za odr\u017eavanje Va\u0161ih desktop i laptop ra\u010dunara, kao i svih vrsta servera.\",\"breadcrumb\":{\"@id\":\"https:\/\/bscomputer.com\/servis-opreme\/#breadcrumb\"},\"inLanguage\":\"en-GB\",\"potentialAction\":[{\"@type\":\"ReadAction\",\"target\":[\"https:\/\/bscomputer.com\/servis-opreme\/\"]}]},{\"@type\":\"ImageObject\",\"inLanguage\":\"en-GB\",\"@id\":\"https:\/\/bscomputer.com\/servis-opreme\/#primaryimage\",\"url\":\"https:\/\/bscomputer.com\/wp-content\/uploads\/2022\/05\/o-nama.png\",\"contentUrl\":\"https:\/\/bscomputer.com\/wp-content\/uploads\/2022\/05\/o-nama.png\"},{\"@type\":\"BreadcrumbList\",\"@id\":\"https:\/\/bscomputer.com\/servis-opreme\/#breadcrumb\",\"itemListElement\":[{\"@type\":\"ListItem\",\"position\":1,\"name\":\"Home\",\"item\":\"https:\/\/bscomputer.com\/\"},{\"@type\":\"ListItem\",\"position\":2,\"name\":\"Servis opreme\"}]},{\"@type\":\"WebSite\",\"@id\":\"https:\/\/bscomputer.com\/#website\",\"url\":\"https:\/\/bscomputer.com\/\",\"name\":\"BS Computer - Knows how\",\"description\":\"BS Computer - Knows how\",\"publisher\":{\"@id\":\"https:\/\/bscomputer.com\/#organization\"},\"potentialAction\":[{\"@type\":\"SearchAction\",\"target\":{\"@type\":\"EntryPoint\",\"urlTemplate\":\"https:\/\/bscomputer.com\/?s={search_term_string}\"},\"query-input\":{\"@type\":\"PropertyValueSpecification\",\"valueRequired\":true,\"valueName\":\"search_term_string\"}}],\"inLanguage\":\"en-GB\"},{\"@type\":\"Organization\",\"@id\":\"https:\/\/bscomputer.com\/#organization\",\"name\":\"BS Computer\",\"url\":\"https:\/\/bscomputer.com\/\",\"logo\":{\"@type\":\"ImageObject\",\"inLanguage\":\"en-GB\",\"@id\":\"https:\/\/bscomputer.com\/#\/schema\/logo\/image\/\",\"url\":\"https:\/\/bscomputer.com\/wp-content\/uploads\/2020\/01\/logo-1.png\",\"contentUrl\":\"https:\/\/bscomputer.com\/wp-content\/uploads\/2020\/01\/logo-1.png\",\"width\":3228,\"height\":2669,\"caption\":\"BS Computer\"},\"image\":{\"@id\":\"https:\/\/bscomputer.com\/#\/schema\/logo\/image\/\"},\"sameAs\":[\"https:\/\/www.facebook.com\/bscomputerzr\/\",\"https:\/\/x.com\/bscomputerzr\",\"https:\/\/www.linkedin.com\/company\/bs-computer\/?original_referer=httpsbscsolutions.rs\",\"https:\/\/www.youtube.com\/user\/bscomputerZR\",\"https:\/\/www.instagram.com\/bscomputer.sasabajic\/\"]}]}<\/script>\n<!-- \/ Yoast SEO plugin. -->","yoast_head_json":{"title":"BS Computer - servis opreme","description":"The BS Computer service department is fully equipped and qualified to maintain your desktop and laptop computers, as well as all types of servers.","robots":{"index":"index","follow":"follow","max-snippet":"max-snippet:-1","max-image-preview":"max-image-preview:large","max-video-preview":"max-video-preview:-1"},"canonical":"https:\/\/bscomputer.com\/en\/servis-opreme\/","og_locale":"en_GB","og_type":"article","og_title":"BS Computer - servis opreme","og_description":"Servis firme BS Computer je u potpunosti opremljen i osposobljen za odr\u017eavanje Va\u0161ih desktop i laptop ra\u010dunara, kao i svih vrsta servera.","og_url":"https:\/\/bscomputer.com\/en\/servis-opreme\/","og_site_name":"Knows how","article_publisher":"https:\/\/www.facebook.com\/bscomputerzr\/","article_modified_time":"2025-11-07T12:24:35+00:00","og_image":[{"width":2345,"height":1432,"url":"https:\/\/bscomputer.com\/wp-content\/uploads\/2022\/05\/o-nama.png","type":"image\/png"}],"twitter_card":"summary_large_image","twitter_site":"@bscomputerzr","twitter_misc":{"Estimated reading time":"1 minute"},"schema":{"@context":"https:\/\/schema.org","@graph":[{"@type":"WebPage","@id":"https:\/\/bscomputer.com\/servis-opreme\/","url":"https:\/\/bscomputer.com\/servis-opreme\/","name":"BS Computer - servis opreme","isPartOf":{"@id":"https:\/\/bscomputer.com\/#website"},"primaryImageOfPage":{"@id":"https:\/\/bscomputer.com\/servis-opreme\/#primaryimage"},"image":{"@id":"https:\/\/bscomputer.com\/servis-opreme\/#primaryimage"},"thumbnailUrl":"https:\/\/bscomputer.com\/wp-content\/uploads\/2022\/05\/o-nama.png","datePublished":"2022-05-13T12:40:41+00:00","dateModified":"2025-11-07T12:24:35+00:00","description":"The BS Computer service department is fully equipped and qualified to maintain your desktop and laptop computers, as well as all types of servers.","breadcrumb":{"@id":"https:\/\/bscomputer.com\/servis-opreme\/#breadcrumb"},"inLanguage":"en-GB","potentialAction":[{"@type":"ReadAction","target":["https:\/\/bscomputer.com\/servis-opreme\/"]}]},{"@type":"ImageObject","inLanguage":"en-GB","@id":"https:\/\/bscomputer.com\/servis-opreme\/#primaryimage","url":"https:\/\/bscomputer.com\/wp-content\/uploads\/2022\/05\/o-nama.png","contentUrl":"https:\/\/bscomputer.com\/wp-content\/uploads\/2022\/05\/o-nama.png"},{"@type":"BreadcrumbList","@id":"https:\/\/bscomputer.com\/servis-opreme\/#breadcrumb","itemListElement":[{"@type":"ListItem","position":1,"name":"Home","item":"https:\/\/bscomputer.com\/"},{"@type":"ListItem","position":2,"name":"Servis opreme"}]},{"@type":"WebSite","@id":"https:\/\/bscomputer.com\/#website","url":"https:\/\/bscomputer.com\/","name":"BS Computer - Knows how","description":"BS Computer - Knows how","publisher":{"@id":"https:\/\/bscomputer.com\/#organization"},"potentialAction":[{"@type":"SearchAction","target":{"@type":"EntryPoint","urlTemplate":"https:\/\/bscomputer.com\/?s={search_term_string}"},"query-input":{"@type":"PropertyValueSpecification","valueRequired":true,"valueName":"search_term_string"}}],"inLanguage":"en-GB"},{"@type":"Organization","@id":"https:\/\/bscomputer.com\/#organization","name":"BS Computer","url":"https:\/\/bscomputer.com\/","logo":{"@type":"ImageObject","inLanguage":"en-GB","@id":"https:\/\/bscomputer.com\/#\/schema\/logo\/image\/","url":"https:\/\/bscomputer.com\/wp-content\/uploads\/2020\/01\/logo-1.png","contentUrl":"https:\/\/bscomputer.com\/wp-content\/uploads\/2020\/01\/logo-1.png","width":3228,"height":2669,"caption":"BS Computer"},"image":{"@id":"https:\/\/bscomputer.com\/#\/schema\/logo\/image\/"},"sameAs":["https:\/\/www.facebook.com\/bscomputerzr\/","https:\/\/x.com\/bscomputerzr","https:\/\/www.linkedin.com\/company\/bs-computer\/?original_referer=httpsbscsolutions.rs","https:\/\/www.youtube.com\/user\/bscomputerZR","https:\/\/www.instagram.com\/bscomputer.sasabajic\/"]}]}},"_links":{"self":[{"href":"https:\/\/bscomputer.com\/en\/wp-json\/wp\/v2\/pages\/1290","targetHints":{"allow":["GET"]}}],"collection":[{"href":"https:\/\/bscomputer.com\/en\/wp-json\/wp\/v2\/pages"}],"about":[{"href":"https:\/\/bscomputer.com\/en\/wp-json\/wp\/v2\/types\/page"}],"author":[{"embeddable":true,"href":"https:\/\/bscomputer.com\/en\/wp-json\/wp\/v2\/users\/2"}],"replies":[{"embeddable":true,"href":"https:\/\/bscomputer.com\/en\/wp-json\/wp\/v2\/comments?post=1290"}],"version-history":[{"count":33,"href":"https:\/\/bscomputer.com\/en\/wp-json\/wp\/v2\/pages\/1290\/revisions"}],"predecessor-version":[{"id":2698,"href":"https:\/\/bscomputer.com\/en\/wp-json\/wp\/v2\/pages\/1290\/revisions\/2698"}],"wp:attachment":[{"href":"https:\/\/bscomputer.com\/en\/wp-json\/wp\/v2\/media?parent=1290"}],"curies":[{"name":"wp","href":"https:\/\/api.w.org\/{rel}","templated":true}]}}