{"id":1308,"date":"2022-05-16T06:49:32","date_gmt":"2022-05-16T06:49:32","guid":{"rendered":"https:\/\/bscomputer.com\/?page_id=1308"},"modified":"2025-11-07T12:25:07","modified_gmt":"2025-11-07T12:25:07","slug":"graficki-i-web-dizajn","status":"publish","type":"page","link":"https:\/\/bscomputer.com\/en\/graficki-i-web-dizajn\/","title":{"rendered":"Graphic and web design"},"content":{"rendered":"<div data-elementor-type=\"wp-page\" data-elementor-id=\"1308\" class=\"elementor elementor-1308\" data-elementor-post-type=\"page\">\n\t\t\t\t\t\t<section class=\"elementor-section elementor-top-section elementor-element elementor-element-24bfae70 elementor-section-boxed elementor-section-height-default elementor-section-height-default\" data-id=\"24bfae70\" data-element_type=\"section\" data-e-type=\"section\" data-settings=\"{&quot;background_background&quot;:&quot;classic&quot;}\">\n\t\t\t\t\t\t\t<div class=\"elementor-background-overlay\"><\/div>\n\t\t\t\t\t\t\t<div class=\"elementor-container elementor-column-gap-default\">\n\t\t\t\t\t<div class=\"elementor-column elementor-col-100 elementor-top-column elementor-element elementor-element-4b21201e\" data-id=\"4b21201e\" data-element_type=\"column\" data-e-type=\"column\">\n\t\t\t<div class=\"elementor-widget-wrap elementor-element-populated\">\n\t\t\t\t\t\t<div class=\"elementor-element elementor-element-646f3d81 elementor-widget elementor-widget-heading\" data-id=\"646f3d81\" data-element_type=\"widget\" data-e-type=\"widget\" data-widget_type=\"heading.default\">\n\t\t\t\t<div class=\"elementor-widget-container\">\n\t\t\t\t\t<h2 class=\"elementor-heading-title elementor-size-default\">Graphic and web design<\/h2>\t\t\t\t<\/div>\n\t\t\t\t<\/div>\n\t\t\t\t<div class=\"elementor-element elementor-element-36dd0b29 elementor-widget elementor-widget-text-editor\" data-id=\"36dd0b29\" data-element_type=\"widget\" data-e-type=\"widget\" data-widget_type=\"text-editor.default\">\n\t\t\t\t<div class=\"elementor-widget-container\">\n\t\t\t\t\t\t\t\t\t<a href=\"https:\/\/bscomputer.com\/en\/\"><span style=\"color: #000000;\">BS Computer &gt;<\/span><\/a><span style=\"color: #000000;\"><a style=\"color: #000000;\" href=\"https:\/\/bscomputer.com\/en\/#usluge\"> Services<\/a> &gt;<\/span> Graphic and web design\t\t\t\t\t\t\t\t<\/div>\n\t\t\t\t<\/div>\n\t\t\t\t\t<\/div>\n\t\t<\/div>\n\t\t\t\t\t<\/div>\n\t\t<\/section>\n\t\t\t\t<section class=\"elementor-section elementor-top-section elementor-element elementor-element-3cc21e59 elementor-reverse-tablet elementor-reverse-mobile elementor-section-boxed elementor-section-height-default elementor-section-height-default\" data-id=\"3cc21e59\" data-element_type=\"section\" data-e-type=\"section\">\n\t\t\t\t\t\t<div class=\"elementor-container elementor-column-gap-custom\">\n\t\t\t\t\t<div class=\"elementor-column elementor-col-50 elementor-top-column elementor-element elementor-element-2b1f91d0\" data-id=\"2b1f91d0\" data-element_type=\"column\" data-e-type=\"column\">\n\t\t\t<div class=\"elementor-widget-wrap elementor-element-populated\">\n\t\t\t\t\t\t<div class=\"elementor-element elementor-element-0f73117 elementor-widget elementor-widget-image\" data-id=\"0f73117\" data-element_type=\"widget\" data-e-type=\"widget\" data-widget_type=\"image.default\">\n\t\t\t\t<div class=\"elementor-widget-container\">\n\t\t\t\t\t\t\t\t\t\t\t\t\t\t\t<img fetchpriority=\"high\" decoding=\"async\" width=\"1932\" height=\"1500\" src=\"https:\/\/bscomputer.com\/wp-content\/uploads\/2022\/05\/19362653-1.png\" class=\"attachment-full size-full wp-image-1324\" alt=\"\" srcset=\"https:\/\/bscomputer.com\/wp-content\/uploads\/2022\/05\/19362653-1.png 1932w, https:\/\/bscomputer.com\/wp-content\/uploads\/2022\/05\/19362653-1-300x233.png 300w, https:\/\/bscomputer.com\/wp-content\/uploads\/2022\/05\/19362653-1-1024x795.png 1024w, https:\/\/bscomputer.com\/wp-content\/uploads\/2022\/05\/19362653-1-768x596.png 768w, https:\/\/bscomputer.com\/wp-content\/uploads\/2022\/05\/19362653-1-1536x1193.png 1536w\" sizes=\"(max-width: 1932px) 100vw, 1932px\" \/>\t\t\t\t\t\t\t\t\t\t\t\t\t\t\t<\/div>\n\t\t\t\t<\/div>\n\t\t\t\t\t<\/div>\n\t\t<\/div>\n\t\t\t\t<div class=\"elementor-column elementor-col-50 elementor-top-column elementor-element elementor-element-4634710\" data-id=\"4634710\" data-element_type=\"column\" data-e-type=\"column\">\n\t\t\t<div class=\"elementor-widget-wrap elementor-element-populated\">\n\t\t\t\t\t\t<div class=\"elementor-element elementor-element-56328fc9 elementor-widget elementor-widget-text-editor\" data-id=\"56328fc9\" data-element_type=\"widget\" data-e-type=\"widget\" data-widget_type=\"text-editor.default\">\n\t\t\t\t<div class=\"elementor-widget-container\">\n\t\t\t\t\t\t\t\t\t<p>\/\/ Services<\/p>\t\t\t\t\t\t\t\t<\/div>\n\t\t\t\t<\/div>\n\t\t\t\t<div class=\"elementor-element elementor-element-1f2e9f50 elementor-widget elementor-widget-text-editor\" data-id=\"1f2e9f50\" data-element_type=\"widget\" data-e-type=\"widget\" data-widget_type=\"text-editor.default\">\n\t\t\t\t<div class=\"elementor-widget-container\">\n\t\t\t\t\t\t\t\t\t<p>Graphic and web <span style=\"color: #38bac6;\">design<\/span><\/p>\t\t\t\t\t\t\t\t<\/div>\n\t\t\t\t<\/div>\n\t\t\t\t<div class=\"elementor-element elementor-element-3abf08ee elementor-widget elementor-widget-text-editor\" data-id=\"3abf08ee\" data-element_type=\"widget\" data-e-type=\"widget\" data-widget_type=\"text-editor.default\">\n\t\t\t\t<div class=\"elementor-widget-container\">\n\t\t\t\t\t\t\t\t\t<p>For your website to attract visitors, people need to find it easily online when searching for specific terms or keywords. That\u2019s why it\u2019s essential for your site to be registered on as many search engines and web directories as possible.<\/p>\t\t\t\t\t\t\t\t<\/div>\n\t\t\t\t<\/div>\n\t\t\t\t<div class=\"elementor-element elementor-element-2839cf06 elementor-widget elementor-widget-text-editor\" data-id=\"2839cf06\" data-element_type=\"widget\" data-e-type=\"widget\" data-widget_type=\"text-editor.default\">\n\t\t\t\t<div class=\"elementor-widget-container\">\n\t\t\t\t\t\t\t\t\t<p>Of course, this alone isn\u2019t enough. To have your website appear among the top search results for a specific keyword, it\u2019s necessary to perform SEO (Search Engine Optimization) \u2014 optimizing the website and carrying out related SEO activities.<\/p>\t\t\t\t\t\t\t\t<\/div>\n\t\t\t\t<\/div>\n\t\t\t\t<div class=\"elementor-element elementor-element-640f6476 elementor-widget elementor-widget-text-editor\" data-id=\"640f6476\" data-element_type=\"widget\" data-e-type=\"widget\" data-widget_type=\"text-editor.default\">\n\t\t\t\t<div class=\"elementor-widget-container\">\n\t\t\t\t\t\t\t\t\t<p>With many years of experience in providing such services, BS Computer can ensure that your website appears among the top search results on Google, Bing, Yahoo, and other search engines.<\/p>\t\t\t\t\t\t\t\t<\/div>\n\t\t\t\t<\/div>\n\t\t\t\t\t<\/div>\n\t\t<\/div>\n\t\t\t\t\t<\/div>\n\t\t<\/section>\n\t\t\t\t<section class=\"elementor-section elementor-top-section elementor-element elementor-element-7cfe714 elementor-section-boxed elementor-section-height-default elementor-section-height-default\" data-id=\"7cfe714\" data-element_type=\"section\" data-e-type=\"section\" data-settings=\"{&quot;background_background&quot;:&quot;classic&quot;}\">\n\t\t\t\t\t\t<div class=\"elementor-container elementor-column-gap-default\">\n\t\t\t\t\t<div class=\"elementor-column elementor-col-50 elementor-top-column elementor-element elementor-element-c810ec0\" data-id=\"c810ec0\" data-element_type=\"column\" data-e-type=\"column\">\n\t\t\t<div class=\"elementor-widget-wrap elementor-element-populated\">\n\t\t\t\t\t\t<div class=\"elementor-element elementor-element-4203d74 elementor-widget elementor-widget-text-editor\" data-id=\"4203d74\" data-element_type=\"widget\" data-e-type=\"widget\" data-widget_type=\"text-editor.default\">\n\t\t\t\t<div class=\"elementor-widget-container\">\n\t\t\t\t\t\t\t\t\tThe BASIC WEBSITE DEVELOPMENT package includes the following services:\t\t\t\t\t\t\t\t<\/div>\n\t\t\t\t<\/div>\n\t\t\t\t<div class=\"elementor-element elementor-element-8a5ff20 elementor-icon-list--layout-inline elementor-list-item-link-full_width elementor-widget elementor-widget-icon-list\" data-id=\"8a5ff20\" data-element_type=\"widget\" data-e-type=\"widget\" data-widget_type=\"icon-list.default\">\n\t\t\t\t<div class=\"elementor-widget-container\">\n\t\t\t\t\t\t\t<ul class=\"elementor-icon-list-items elementor-inline-items\">\n\t\t\t\t\t\t\t<li class=\"elementor-icon-list-item elementor-inline-item\">\n\t\t\t\t\t\t\t\t\t\t\t<span class=\"elementor-icon-list-icon\">\n\t\t\t\t\t\t\t<i aria-hidden=\"true\" class=\"fas fa-check\"><\/i>\t\t\t\t\t\t<\/span>\n\t\t\t\t\t\t\t\t\t\t<span class=\"elementor-icon-list-text\">Design and structural planning of the website in cooperation with your company\u2019s team;<\/span>\n\t\t\t\t\t\t\t\t\t<\/li>\n\t\t\t\t\t\t<\/ul>\n\t\t\t\t\t\t<\/div>\n\t\t\t\t<\/div>\n\t\t\t\t<div class=\"elementor-element elementor-element-083b44d elementor-icon-list--layout-inline elementor-list-item-link-full_width elementor-widget elementor-widget-icon-list\" data-id=\"083b44d\" data-element_type=\"widget\" data-e-type=\"widget\" data-widget_type=\"icon-list.default\">\n\t\t\t\t<div class=\"elementor-widget-container\">\n\t\t\t\t\t\t\t<ul class=\"elementor-icon-list-items elementor-inline-items\">\n\t\t\t\t\t\t\t<li class=\"elementor-icon-list-item elementor-inline-item\">\n\t\t\t\t\t\t\t\t\t\t\t<span class=\"elementor-icon-list-icon\">\n\t\t\t\t\t\t\t<i aria-hidden=\"true\" class=\"fas fa-check\"><\/i>\t\t\t\t\t\t<\/span>\n\t\t\t\t\t\t\t\t\t\t<span class=\"elementor-icon-list-text\">Deployment and configuration of the website on a web server;<\/span>\n\t\t\t\t\t\t\t\t\t<\/li>\n\t\t\t\t\t\t<\/ul>\n\t\t\t\t\t\t<\/div>\n\t\t\t\t<\/div>\n\t\t\t\t<div class=\"elementor-element elementor-element-d3de865 elementor-icon-list--layout-inline elementor-list-item-link-full_width elementor-widget elementor-widget-icon-list\" data-id=\"d3de865\" data-element_type=\"widget\" data-e-type=\"widget\" data-widget_type=\"icon-list.default\">\n\t\t\t\t<div class=\"elementor-widget-container\">\n\t\t\t\t\t\t\t<ul class=\"elementor-icon-list-items elementor-inline-items\">\n\t\t\t\t\t\t\t<li class=\"elementor-icon-list-item elementor-inline-item\">\n\t\t\t\t\t\t\t\t\t\t\t<span class=\"elementor-icon-list-icon\">\n\t\t\t\t\t\t\t<i aria-hidden=\"true\" class=\"fas fa-check\"><\/i>\t\t\t\t\t\t<\/span>\n\t\t\t\t\t\t\t\t\t\t<span class=\"elementor-icon-list-text\">Submitting the website to leading global and local search engines, catalogs, and directories (Google, Yahoo, Bing, DMOZ, MSN, Pogodak, Krstarica, Pretrazivac, etc.) to help potential visitors find your website more easily.<\/span>\n\t\t\t\t\t\t\t\t\t<\/li>\n\t\t\t\t\t\t<\/ul>\n\t\t\t\t\t\t<\/div>\n\t\t\t\t<\/div>\n\t\t\t\t\t<\/div>\n\t\t<\/div>\n\t\t\t\t<div class=\"elementor-column elementor-col-50 elementor-top-column elementor-element elementor-element-c2fac02\" data-id=\"c2fac02\" data-element_type=\"column\" data-e-type=\"column\">\n\t\t\t<div class=\"elementor-widget-wrap elementor-element-populated\">\n\t\t\t\t\t\t<div class=\"elementor-element elementor-element-7304d435 elementor-widget elementor-widget-image\" data-id=\"7304d435\" data-element_type=\"widget\" data-e-type=\"widget\" data-widget_type=\"image.default\">\n\t\t\t\t<div class=\"elementor-widget-container\">\n\t\t\t\t\t\t\t\t\t\t\t\t\t\t\t<img decoding=\"async\" width=\"1346\" height=\"1438\" src=\"https:\/\/bscomputer.com\/wp-content\/uploads\/2022\/05\/web-design.png\" class=\"attachment-full size-full wp-image-1328\" alt=\"\" srcset=\"https:\/\/bscomputer.com\/wp-content\/uploads\/2022\/05\/web-design.png 1346w, https:\/\/bscomputer.com\/wp-content\/uploads\/2022\/05\/web-design-281x300.png 281w, https:\/\/bscomputer.com\/wp-content\/uploads\/2022\/05\/web-design-958x1024.png 958w, https:\/\/bscomputer.com\/wp-content\/uploads\/2022\/05\/web-design-768x820.png 768w\" sizes=\"(max-width: 1346px) 100vw, 1346px\" \/>\t\t\t\t\t\t\t\t\t\t\t\t\t\t\t<\/div>\n\t\t\t\t<\/div>\n\t\t\t\t\t<\/div>\n\t\t<\/div>\n\t\t\t\t\t<\/div>\n\t\t<\/section>\n\t\t\t\t<\/div>","protected":false},"excerpt":{"rendered":"<p>Grafi\u010dki i web dizajn BS Computer &gt; Usluge &gt; Grafi\u010dki i web dizajn \/\/ Usluge Grafi\u010dki i web dizajn Da bi Va\u0161 sajt bio pose\u0107en potrebno je da ga ljudi lako prona\u0111u na internetu kada tra\u017ee neki pojam\/klju\u010dnu re\u010d\u2026 Zato je neophodno da bude prijavljen na \u0161to ve\u0107i broj pretra\u017eiva\u010da i direktorijuma web sajtova. Naravno [&hellip;]<\/p>\n","protected":false},"author":2,"featured_media":0,"parent":0,"menu_order":0,"comment_status":"closed","ping_status":"closed","template":"","meta":{"site-sidebar-layout":"no-sidebar","site-content-layout":"page-builder","ast-site-content-layout":"default","site-content-style":"default","site-sidebar-style":"default","ast-global-header-display":"","ast-banner-title-visibility":"","ast-main-header-display":"","ast-hfb-above-header-display":"","ast-hfb-below-header-display":"","ast-hfb-mobile-header-display":"","site-post-title":"disabled","ast-breadcrumbs-content":"","ast-featured-img":"disabled","footer-sml-layout":"","ast-disable-related-posts":"","theme-transparent-header-meta":"","adv-header-id-meta":"","stick-header-meta":"","header-above-stick-meta":"","header-main-stick-meta":"","header-below-stick-meta":"","astra-migrate-meta-layouts":"default","ast-page-background-enabled":"default","ast-page-background-meta":{"desktop":{"background-color":"","background-image":"","background-repeat":"repeat","background-position":"center center","background-size":"auto","background-attachment":"scroll","background-type":"","background-media":"","overlay-type":"","overlay-color":"","overlay-opacity":"","overlay-gradient":""},"tablet":{"background-color":"","background-image":"","background-repeat":"repeat","background-position":"center center","background-size":"auto","background-attachment":"scroll","background-type":"","background-media":"","overlay-type":"","overlay-color":"","overlay-opacity":"","overlay-gradient":""},"mobile":{"background-color":"","background-image":"","background-repeat":"repeat","background-position":"center center","background-size":"auto","background-attachment":"scroll","background-type":"","background-media":"","overlay-type":"","overlay-color":"","overlay-opacity":"","overlay-gradient":""}},"ast-content-background-meta":{"desktop":{"background-color":"var(--ast-global-color-5)","background-image":"","background-repeat":"repeat","background-position":"center center","background-size":"auto","background-attachment":"scroll","background-type":"","background-media":"","overlay-type":"","overlay-color":"","overlay-opacity":"","overlay-gradient":""},"tablet":{"background-color":"var(--ast-global-color-5)","background-image":"","background-repeat":"repeat","background-position":"center center","background-size":"auto","background-attachment":"scroll","background-type":"","background-media":"","overlay-type":"","overlay-color":"","overlay-opacity":"","overlay-gradient":""},"mobile":{"background-color":"var(--ast-global-color-5)","background-image":"","background-repeat":"repeat","background-position":"center center","background-size":"auto","background-attachment":"scroll","background-type":"","background-media":"","overlay-type":"","overlay-color":"","overlay-opacity":"","overlay-gradient":""}},"footnotes":""},"class_list":["post-1308","page","type-page","status-publish","hentry"],"yoast_head":"<!-- This site is optimized with the Yoast SEO plugin v27.2 - https:\/\/yoast.com\/product\/yoast-seo-wordpress\/ -->\n<title>BS Computer - Graficki i web dizajn<\/title>\n<meta name=\"description\" content=\"Da bi Va\u0161 sajt bio pose\u0107en potrebno je da ga ljudi lako prona\u0111u na internetu kada tra\u017ee neki pojam\/klju\u010dnu re\u010d\u2026\" \/>\n<meta name=\"robots\" content=\"index, follow, max-snippet:-1, max-image-preview:large, max-video-preview:-1\" \/>\n<link rel=\"canonical\" href=\"https:\/\/bscomputer.com\/en\/graficki-i-web-dizajn\/\" \/>\n<meta property=\"og:locale\" content=\"en_GB\" \/>\n<meta property=\"og:type\" content=\"article\" \/>\n<meta property=\"og:title\" content=\"BS Computer - Graficki i web dizajn\" \/>\n<meta property=\"og:description\" content=\"Da bi Va\u0161 sajt bio pose\u0107en potrebno je da ga ljudi lako prona\u0111u na internetu kada tra\u017ee neki pojam\/klju\u010dnu re\u010d\u2026\" \/>\n<meta property=\"og:url\" content=\"https:\/\/bscomputer.com\/en\/graficki-i-web-dizajn\/\" \/>\n<meta property=\"og:site_name\" content=\"Knows how\" \/>\n<meta property=\"article:publisher\" content=\"https:\/\/www.facebook.com\/bscomputerzr\/\" \/>\n<meta property=\"article:modified_time\" content=\"2025-11-07T12:25:07+00:00\" \/>\n<meta property=\"og:image\" content=\"https:\/\/bscomputer.com\/wp-content\/uploads\/2022\/05\/19362653-1.png\" \/>\n\t<meta property=\"og:image:width\" content=\"1932\" \/>\n\t<meta property=\"og:image:height\" content=\"1500\" \/>\n\t<meta property=\"og:image:type\" content=\"image\/png\" \/>\n<meta name=\"twitter:card\" content=\"summary_large_image\" \/>\n<meta name=\"twitter:site\" content=\"@bscomputerzr\" \/>\n<meta name=\"twitter:label1\" content=\"Estimated reading time\" \/>\n\t<meta name=\"twitter:data1\" content=\"2 minutes\" \/>\n<script type=\"application\/ld+json\" class=\"yoast-schema-graph\">{\"@context\":\"https:\/\/schema.org\",\"@graph\":[{\"@type\":\"WebPage\",\"@id\":\"https:\/\/bscomputer.com\/graficki-i-web-dizajn\/\",\"url\":\"https:\/\/bscomputer.com\/graficki-i-web-dizajn\/\",\"name\":\"BS Computer - Graficki i web dizajn\",\"isPartOf\":{\"@id\":\"https:\/\/bscomputer.com\/#website\"},\"primaryImageOfPage\":{\"@id\":\"https:\/\/bscomputer.com\/graficki-i-web-dizajn\/#primaryimage\"},\"image\":{\"@id\":\"https:\/\/bscomputer.com\/graficki-i-web-dizajn\/#primaryimage\"},\"thumbnailUrl\":\"https:\/\/bscomputer.com\/wp-content\/uploads\/2022\/05\/19362653-1.png\",\"datePublished\":\"2022-05-16T06:49:32+00:00\",\"dateModified\":\"2025-11-07T12:25:07+00:00\",\"description\":\"Da bi Va\u0161 sajt bio pose\u0107en potrebno je da ga ljudi lako prona\u0111u na internetu kada tra\u017ee neki pojam\/klju\u010dnu re\u010d\u2026\",\"breadcrumb\":{\"@id\":\"https:\/\/bscomputer.com\/graficki-i-web-dizajn\/#breadcrumb\"},\"inLanguage\":\"en-GB\",\"potentialAction\":[{\"@type\":\"ReadAction\",\"target\":[\"https:\/\/bscomputer.com\/graficki-i-web-dizajn\/\"]}]},{\"@type\":\"ImageObject\",\"inLanguage\":\"en-GB\",\"@id\":\"https:\/\/bscomputer.com\/graficki-i-web-dizajn\/#primaryimage\",\"url\":\"https:\/\/bscomputer.com\/wp-content\/uploads\/2022\/05\/19362653-1.png\",\"contentUrl\":\"https:\/\/bscomputer.com\/wp-content\/uploads\/2022\/05\/19362653-1.png\"},{\"@type\":\"BreadcrumbList\",\"@id\":\"https:\/\/bscomputer.com\/graficki-i-web-dizajn\/#breadcrumb\",\"itemListElement\":[{\"@type\":\"ListItem\",\"position\":1,\"name\":\"Home\",\"item\":\"https:\/\/bscomputer.com\/\"},{\"@type\":\"ListItem\",\"position\":2,\"name\":\"Grafi\u010dki i web dizajn\"}]},{\"@type\":\"WebSite\",\"@id\":\"https:\/\/bscomputer.com\/#website\",\"url\":\"https:\/\/bscomputer.com\/\",\"name\":\"BS Computer - Knows how\",\"description\":\"BS Computer - Knows how\",\"publisher\":{\"@id\":\"https:\/\/bscomputer.com\/#organization\"},\"potentialAction\":[{\"@type\":\"SearchAction\",\"target\":{\"@type\":\"EntryPoint\",\"urlTemplate\":\"https:\/\/bscomputer.com\/?s={search_term_string}\"},\"query-input\":{\"@type\":\"PropertyValueSpecification\",\"valueRequired\":true,\"valueName\":\"search_term_string\"}}],\"inLanguage\":\"en-GB\"},{\"@type\":\"Organization\",\"@id\":\"https:\/\/bscomputer.com\/#organization\",\"name\":\"BS Computer\",\"url\":\"https:\/\/bscomputer.com\/\",\"logo\":{\"@type\":\"ImageObject\",\"inLanguage\":\"en-GB\",\"@id\":\"https:\/\/bscomputer.com\/#\/schema\/logo\/image\/\",\"url\":\"https:\/\/bscomputer.com\/wp-content\/uploads\/2020\/01\/logo-1.png\",\"contentUrl\":\"https:\/\/bscomputer.com\/wp-content\/uploads\/2020\/01\/logo-1.png\",\"width\":3228,\"height\":2669,\"caption\":\"BS Computer\"},\"image\":{\"@id\":\"https:\/\/bscomputer.com\/#\/schema\/logo\/image\/\"},\"sameAs\":[\"https:\/\/www.facebook.com\/bscomputerzr\/\",\"https:\/\/x.com\/bscomputerzr\",\"https:\/\/www.linkedin.com\/company\/bs-computer\/?original_referer=httpsbscsolutions.rs\",\"https:\/\/www.youtube.com\/user\/bscomputerZR\",\"https:\/\/www.instagram.com\/bscomputer.sasabajic\/\"]}]}<\/script>\n<!-- \/ Yoast SEO plugin. -->","yoast_head_json":{"title":"BS Computer - Graficki i web dizajn","description":"Da bi Va\u0161 sajt bio pose\u0107en potrebno je da ga ljudi lako prona\u0111u na internetu kada tra\u017ee neki pojam\/klju\u010dnu re\u010d\u2026","robots":{"index":"index","follow":"follow","max-snippet":"max-snippet:-1","max-image-preview":"max-image-preview:large","max-video-preview":"max-video-preview:-1"},"canonical":"https:\/\/bscomputer.com\/en\/graficki-i-web-dizajn\/","og_locale":"en_GB","og_type":"article","og_title":"BS Computer - Graficki i web dizajn","og_description":"Da bi Va\u0161 sajt bio pose\u0107en potrebno je da ga ljudi lako prona\u0111u na internetu kada tra\u017ee neki pojam\/klju\u010dnu re\u010d\u2026","og_url":"https:\/\/bscomputer.com\/en\/graficki-i-web-dizajn\/","og_site_name":"Knows how","article_publisher":"https:\/\/www.facebook.com\/bscomputerzr\/","article_modified_time":"2025-11-07T12:25:07+00:00","og_image":[{"width":1932,"height":1500,"url":"https:\/\/bscomputer.com\/wp-content\/uploads\/2022\/05\/19362653-1.png","type":"image\/png"}],"twitter_card":"summary_large_image","twitter_site":"@bscomputerzr","twitter_misc":{"Estimated reading time":"2 minutes"},"schema":{"@context":"https:\/\/schema.org","@graph":[{"@type":"WebPage","@id":"https:\/\/bscomputer.com\/graficki-i-web-dizajn\/","url":"https:\/\/bscomputer.com\/graficki-i-web-dizajn\/","name":"BS Computer - Graficki i web dizajn","isPartOf":{"@id":"https:\/\/bscomputer.com\/#website"},"primaryImageOfPage":{"@id":"https:\/\/bscomputer.com\/graficki-i-web-dizajn\/#primaryimage"},"image":{"@id":"https:\/\/bscomputer.com\/graficki-i-web-dizajn\/#primaryimage"},"thumbnailUrl":"https:\/\/bscomputer.com\/wp-content\/uploads\/2022\/05\/19362653-1.png","datePublished":"2022-05-16T06:49:32+00:00","dateModified":"2025-11-07T12:25:07+00:00","description":"Da bi Va\u0161 sajt bio pose\u0107en potrebno je da ga ljudi lako prona\u0111u na internetu kada tra\u017ee neki pojam\/klju\u010dnu re\u010d\u2026","breadcrumb":{"@id":"https:\/\/bscomputer.com\/graficki-i-web-dizajn\/#breadcrumb"},"inLanguage":"en-GB","potentialAction":[{"@type":"ReadAction","target":["https:\/\/bscomputer.com\/graficki-i-web-dizajn\/"]}]},{"@type":"ImageObject","inLanguage":"en-GB","@id":"https:\/\/bscomputer.com\/graficki-i-web-dizajn\/#primaryimage","url":"https:\/\/bscomputer.com\/wp-content\/uploads\/2022\/05\/19362653-1.png","contentUrl":"https:\/\/bscomputer.com\/wp-content\/uploads\/2022\/05\/19362653-1.png"},{"@type":"BreadcrumbList","@id":"https:\/\/bscomputer.com\/graficki-i-web-dizajn\/#breadcrumb","itemListElement":[{"@type":"ListItem","position":1,"name":"Home","item":"https:\/\/bscomputer.com\/"},{"@type":"ListItem","position":2,"name":"Grafi\u010dki i web dizajn"}]},{"@type":"WebSite","@id":"https:\/\/bscomputer.com\/#website","url":"https:\/\/bscomputer.com\/","name":"BS Computer - Knows how","description":"BS Computer - Knows how","publisher":{"@id":"https:\/\/bscomputer.com\/#organization"},"potentialAction":[{"@type":"SearchAction","target":{"@type":"EntryPoint","urlTemplate":"https:\/\/bscomputer.com\/?s={search_term_string}"},"query-input":{"@type":"PropertyValueSpecification","valueRequired":true,"valueName":"search_term_string"}}],"inLanguage":"en-GB"},{"@type":"Organization","@id":"https:\/\/bscomputer.com\/#organization","name":"BS Computer","url":"https:\/\/bscomputer.com\/","logo":{"@type":"ImageObject","inLanguage":"en-GB","@id":"https:\/\/bscomputer.com\/#\/schema\/logo\/image\/","url":"https:\/\/bscomputer.com\/wp-content\/uploads\/2020\/01\/logo-1.png","contentUrl":"https:\/\/bscomputer.com\/wp-content\/uploads\/2020\/01\/logo-1.png","width":3228,"height":2669,"caption":"BS Computer"},"image":{"@id":"https:\/\/bscomputer.com\/#\/schema\/logo\/image\/"},"sameAs":["https:\/\/www.facebook.com\/bscomputerzr\/","https:\/\/x.com\/bscomputerzr","https:\/\/www.linkedin.com\/company\/bs-computer\/?original_referer=httpsbscsolutions.rs","https:\/\/www.youtube.com\/user\/bscomputerZR","https:\/\/www.instagram.com\/bscomputer.sasabajic\/"]}]}},"_links":{"self":[{"href":"https:\/\/bscomputer.com\/en\/wp-json\/wp\/v2\/pages\/1308","targetHints":{"allow":["GET"]}}],"collection":[{"href":"https:\/\/bscomputer.com\/en\/wp-json\/wp\/v2\/pages"}],"about":[{"href":"https:\/\/bscomputer.com\/en\/wp-json\/wp\/v2\/types\/page"}],"author":[{"embeddable":true,"href":"https:\/\/bscomputer.com\/en\/wp-json\/wp\/v2\/users\/2"}],"replies":[{"embeddable":true,"href":"https:\/\/bscomputer.com\/en\/wp-json\/wp\/v2\/comments?post=1308"}],"version-history":[{"count":65,"href":"https:\/\/bscomputer.com\/en\/wp-json\/wp\/v2\/pages\/1308\/revisions"}],"predecessor-version":[{"id":2701,"href":"https:\/\/bscomputer.com\/en\/wp-json\/wp\/v2\/pages\/1308\/revisions\/2701"}],"wp:attachment":[{"href":"https:\/\/bscomputer.com\/en\/wp-json\/wp\/v2\/media?parent=1308"}],"curies":[{"name":"wp","href":"https:\/\/api.w.org\/{rel}","templated":true}]}}