{"id":1352,"date":"2022-05-16T10:09:07","date_gmt":"2022-05-16T10:09:07","guid":{"rendered":"https:\/\/bscomputer.com\/?page_id=1352"},"modified":"2025-11-07T12:26:50","modified_gmt":"2025-11-07T12:26:50","slug":"softver-2","status":"publish","type":"page","link":"https:\/\/bscomputer.com\/en\/softver-2\/","title":{"rendered":"Software"},"content":{"rendered":"<div data-elementor-type=\"wp-page\" data-elementor-id=\"1352\" class=\"elementor elementor-1352\" data-elementor-post-type=\"page\">\n\t\t\t\t\t\t<section class=\"elementor-section elementor-top-section elementor-element elementor-element-7f682cf5 elementor-section-boxed elementor-section-height-default elementor-section-height-default\" data-id=\"7f682cf5\" data-element_type=\"section\" data-e-type=\"section\" data-settings=\"{&quot;background_background&quot;:&quot;classic&quot;}\">\n\t\t\t\t\t\t\t<div class=\"elementor-background-overlay\"><\/div>\n\t\t\t\t\t\t\t<div class=\"elementor-container elementor-column-gap-default\">\n\t\t\t\t\t<div class=\"elementor-column elementor-col-100 elementor-top-column elementor-element elementor-element-f4f2b68\" data-id=\"f4f2b68\" data-element_type=\"column\" data-e-type=\"column\">\n\t\t\t<div class=\"elementor-widget-wrap elementor-element-populated\">\n\t\t\t\t\t\t<div class=\"elementor-element elementor-element-3bb407a3 elementor-widget elementor-widget-heading\" data-id=\"3bb407a3\" data-element_type=\"widget\" data-e-type=\"widget\" data-widget_type=\"heading.default\">\n\t\t\t\t<div class=\"elementor-widget-container\">\n\t\t\t\t\t<h2 class=\"elementor-heading-title elementor-size-default\">Software<\/h2>\t\t\t\t<\/div>\n\t\t\t\t<\/div>\n\t\t\t\t<div class=\"elementor-element elementor-element-1fa7f270 elementor-widget elementor-widget-text-editor\" data-id=\"1fa7f270\" data-element_type=\"widget\" data-e-type=\"widget\" data-widget_type=\"text-editor.default\">\n\t\t\t\t<div class=\"elementor-widget-container\">\n\t\t\t\t\t\t\t\t\t<a href=\"https:\/\/bscomputer.com\/en\/\"><span style=\"color: #000000;\">BS Computer &gt;<\/span><\/a><span style=\"color: #000000;\"><a style=\"color: #000000;\" href=\"https:\/\/bscomputer.com\/en\/#usluge\"> Services<\/a> &gt;<\/span> <span style=\"color: #38bac6;\">Software<\/span>\t\t\t\t\t\t\t\t<\/div>\n\t\t\t\t<\/div>\n\t\t\t\t\t<\/div>\n\t\t<\/div>\n\t\t\t\t\t<\/div>\n\t\t<\/section>\n\t\t\t\t<section class=\"elementor-section elementor-top-section elementor-element elementor-element-2cb5330c elementor-reverse-tablet elementor-reverse-mobile elementor-section-boxed elementor-section-height-default elementor-section-height-default\" data-id=\"2cb5330c\" data-element_type=\"section\" data-e-type=\"section\">\n\t\t\t\t\t\t<div class=\"elementor-container elementor-column-gap-custom\">\n\t\t\t\t\t<div class=\"elementor-column elementor-col-50 elementor-top-column elementor-element elementor-element-df71f02\" data-id=\"df71f02\" data-element_type=\"column\" data-e-type=\"column\">\n\t\t\t<div class=\"elementor-widget-wrap elementor-element-populated\">\n\t\t\t\t\t\t<div class=\"elementor-element elementor-element-760e044f elementor-widget elementor-widget-text-editor\" data-id=\"760e044f\" data-element_type=\"widget\" data-e-type=\"widget\" data-widget_type=\"text-editor.default\">\n\t\t\t\t<div class=\"elementor-widget-container\">\n\t\t\t\t\t\t\t\t\t<p>\/\/ Services<\/p>\t\t\t\t\t\t\t\t<\/div>\n\t\t\t\t<\/div>\n\t\t\t\t<div class=\"elementor-element elementor-element-37f8f215 elementor-widget elementor-widget-text-editor\" data-id=\"37f8f215\" data-element_type=\"widget\" data-e-type=\"widget\" data-widget_type=\"text-editor.default\">\n\t\t\t\t<div class=\"elementor-widget-container\">\n\t\t\t\t\t\t\t\t\t<p>Production of <span style=\"color: #38bac6;\">software<\/span><\/p>\t\t\t\t\t\t\t\t<\/div>\n\t\t\t\t<\/div>\n\t\t\t\t<div class=\"elementor-element elementor-element-3175e977 elementor-widget elementor-widget-text-editor\" data-id=\"3175e977\" data-element_type=\"widget\" data-e-type=\"widget\" data-widget_type=\"text-editor.default\">\n\t\t\t\t<div class=\"elementor-widget-container\">\n\t\t\t\t\t\t\t\t\t<p>Based on extensive years of experience, the programming team at BS Computer is capable of meeting your most complex requirements related to the development of software solutions tailored to your business needs.<\/p>\t\t\t\t\t\t\t\t<\/div>\n\t\t\t\t<\/div>\n\t\t\t\t<div class=\"elementor-element elementor-element-66ad3d2d elementor-widget elementor-widget-text-editor\" data-id=\"66ad3d2d\" data-element_type=\"widget\" data-e-type=\"widget\" data-widget_type=\"text-editor.default\">\n\t\t\t\t<div class=\"elementor-widget-container\">\n\t\t\t\t\t\t\t\t\t<p>We use the most advanced tools and programming languages, applying object-oriented methodologies and the latest techniques for software design, development, and implementation to create solutions that fully meet your needs and standards.<\/p>\t\t\t\t\t\t\t\t<\/div>\n\t\t\t\t<\/div>\n\t\t\t\t\t<\/div>\n\t\t<\/div>\n\t\t\t\t<div class=\"elementor-column elementor-col-50 elementor-top-column elementor-element elementor-element-1020b5d5\" data-id=\"1020b5d5\" data-element_type=\"column\" data-e-type=\"column\">\n\t\t\t<div class=\"elementor-widget-wrap elementor-element-populated\">\n\t\t\t\t\t\t<div class=\"elementor-element elementor-element-68ce7c6e elementor-widget elementor-widget-image\" data-id=\"68ce7c6e\" data-element_type=\"widget\" data-e-type=\"widget\" data-widget_type=\"image.default\">\n\t\t\t\t<div class=\"elementor-widget-container\">\n\t\t\t\t\t\t\t\t\t\t\t\t\t\t\t<img fetchpriority=\"high\" decoding=\"async\" width=\"1250\" height=\"1187\" src=\"https:\/\/bscomputer.com\/wp-content\/uploads\/2022\/05\/softver-1.png\" class=\"attachment-full size-full wp-image-1364\" alt=\"bs computer softver\" srcset=\"https:\/\/bscomputer.com\/wp-content\/uploads\/2022\/05\/softver-1.png 1250w, https:\/\/bscomputer.com\/wp-content\/uploads\/2022\/05\/softver-1-300x285.png 300w, https:\/\/bscomputer.com\/wp-content\/uploads\/2022\/05\/softver-1-1024x972.png 1024w, https:\/\/bscomputer.com\/wp-content\/uploads\/2022\/05\/softver-1-768x729.png 768w\" sizes=\"(max-width: 1250px) 100vw, 1250px\" \/>\t\t\t\t\t\t\t\t\t\t\t\t\t\t\t<\/div>\n\t\t\t\t<\/div>\n\t\t\t\t\t<\/div>\n\t\t<\/div>\n\t\t\t\t\t<\/div>\n\t\t<\/section>\n\t\t\t\t<section class=\"elementor-section elementor-top-section elementor-element elementor-element-21be7b1 elementor-reverse-tablet elementor-reverse-mobile elementor-section-boxed elementor-section-height-default elementor-section-height-default\" data-id=\"21be7b1\" data-element_type=\"section\" data-e-type=\"section\" data-settings=\"{&quot;background_background&quot;:&quot;classic&quot;}\">\n\t\t\t\t\t\t<div class=\"elementor-container elementor-column-gap-custom\">\n\t\t\t\t\t<div class=\"elementor-column elementor-col-50 elementor-top-column elementor-element elementor-element-7859d2d\" data-id=\"7859d2d\" data-element_type=\"column\" data-e-type=\"column\">\n\t\t\t<div class=\"elementor-widget-wrap elementor-element-populated\">\n\t\t\t\t\t\t<div class=\"elementor-element elementor-element-c58af18 elementor-widget elementor-widget-image\" data-id=\"c58af18\" data-element_type=\"widget\" data-e-type=\"widget\" data-widget_type=\"image.default\">\n\t\t\t\t<div class=\"elementor-widget-container\">\n\t\t\t\t\t\t\t\t\t\t\t\t\t\t\t<img decoding=\"async\" width=\"2107\" height=\"1642\" src=\"https:\/\/bscomputer.com\/wp-content\/uploads\/2022\/05\/raketa.png\" class=\"attachment-full size-full wp-image-1368\" alt=\"bs computer softver\" srcset=\"https:\/\/bscomputer.com\/wp-content\/uploads\/2022\/05\/raketa.png 2107w, https:\/\/bscomputer.com\/wp-content\/uploads\/2022\/05\/raketa-300x234.png 300w, https:\/\/bscomputer.com\/wp-content\/uploads\/2022\/05\/raketa-1024x798.png 1024w, https:\/\/bscomputer.com\/wp-content\/uploads\/2022\/05\/raketa-768x599.png 768w, https:\/\/bscomputer.com\/wp-content\/uploads\/2022\/05\/raketa-1536x1197.png 1536w, https:\/\/bscomputer.com\/wp-content\/uploads\/2022\/05\/raketa-2048x1596.png 2048w\" sizes=\"(max-width: 2107px) 100vw, 2107px\" \/>\t\t\t\t\t\t\t\t\t\t\t\t\t\t\t<\/div>\n\t\t\t\t<\/div>\n\t\t\t\t\t<\/div>\n\t\t<\/div>\n\t\t\t\t<div class=\"elementor-column elementor-col-50 elementor-top-column elementor-element elementor-element-af3f46b\" data-id=\"af3f46b\" data-element_type=\"column\" data-e-type=\"column\">\n\t\t\t<div class=\"elementor-widget-wrap elementor-element-populated\">\n\t\t\t\t\t\t<div class=\"elementor-element elementor-element-5d7a084 elementor-widget elementor-widget-text-editor\" data-id=\"5d7a084\" data-element_type=\"widget\" data-e-type=\"widget\" data-widget_type=\"text-editor.default\">\n\t\t\t\t<div class=\"elementor-widget-container\">\n\t\t\t\t\t\t\t\t\t<p>\/\/ Services<\/p>\t\t\t\t\t\t\t\t<\/div>\n\t\t\t\t<\/div>\n\t\t\t\t<div class=\"elementor-element elementor-element-5026020 elementor-widget elementor-widget-text-editor\" data-id=\"5026020\" data-element_type=\"widget\" data-e-type=\"widget\" data-widget_type=\"text-editor.default\">\n\t\t\t\t<div class=\"elementor-widget-container\">\n\t\t\t\t\t\t\t\t\t<p>Distribution of <span style=\"color: #38bac6;\">software<\/span><\/p>\t\t\t\t\t\t\t\t<\/div>\n\t\t\t\t<\/div>\n\t\t\t\t<div class=\"elementor-element elementor-element-9866075 elementor-widget elementor-widget-text-editor\" data-id=\"9866075\" data-element_type=\"widget\" data-e-type=\"widget\" data-widget_type=\"text-editor.default\">\n\t\t\t\t<div class=\"elementor-widget-container\">\n\t\t\t\t\t\t\t\t\t<p>In addition to software development, BS Computer is also engaged in the distribution of software.<\/p><p>Among other things, you can purchase software from the following manufacturers through us:<\/p><ul><li>Microsoft,\u00a0<\/li><li>AVG\/Avast,\u00a0<\/li><li>IrfanView,\u00a0<\/li><li>&#8230;<\/li><\/ul>\t\t\t\t\t\t\t\t<\/div>\n\t\t\t\t<\/div>\n\t\t\t\t\t<\/div>\n\t\t<\/div>\n\t\t\t\t\t<\/div>\n\t\t<\/section>\n\t\t\t\t<\/div>","protected":false},"excerpt":{"rendered":"<p>Softver BS Computer &gt; Usluge &gt; Softver \/\/ Usluge Proizvodnja softvera Na osnovu bogatog vi\u0161egodi\u0161njeg iskustva, programerski tim firme BS Computer je u stanju da ispuni Va\u0161e najkompleksnije zahteve vezane za proizvodnju softverskih re\u0161enja, potrebnih za Va\u0161e poslovanje. Koristimo najmodernije alate i programske jezike, kako bismo kori\u0161\u0107enjem objektno-orijentisane metodologije i primenom najmodernijih metoda za projektovanje, [&hellip;]<\/p>\n","protected":false},"author":2,"featured_media":0,"parent":0,"menu_order":0,"comment_status":"closed","ping_status":"closed","template":"","meta":{"site-sidebar-layout":"no-sidebar","site-content-layout":"page-builder","ast-site-content-layout":"default","site-content-style":"default","site-sidebar-style":"default","ast-global-header-display":"","ast-banner-title-visibility":"","ast-main-header-display":"","ast-hfb-above-header-display":"","ast-hfb-below-header-display":"","ast-hfb-mobile-header-display":"","site-post-title":"disabled","ast-breadcrumbs-content":"","ast-featured-img":"disabled","footer-sml-layout":"","ast-disable-related-posts":"","theme-transparent-header-meta":"","adv-header-id-meta":"","stick-header-meta":"","header-above-stick-meta":"","header-main-stick-meta":"","header-below-stick-meta":"","astra-migrate-meta-layouts":"default","ast-page-background-enabled":"default","ast-page-background-meta":{"desktop":{"background-color":"","background-image":"","background-repeat":"repeat","background-position":"center center","background-size":"auto","background-attachment":"scroll","background-type":"","background-media":"","overlay-type":"","overlay-color":"","overlay-opacity":"","overlay-gradient":""},"tablet":{"background-color":"","background-image":"","background-repeat":"repeat","background-position":"center center","background-size":"auto","background-attachment":"scroll","background-type":"","background-media":"","overlay-type":"","overlay-color":"","overlay-opacity":"","overlay-gradient":""},"mobile":{"background-color":"","background-image":"","background-repeat":"repeat","background-position":"center center","background-size":"auto","background-attachment":"scroll","background-type":"","background-media":"","overlay-type":"","overlay-color":"","overlay-opacity":"","overlay-gradient":""}},"ast-content-background-meta":{"desktop":{"background-color":"var(--ast-global-color-5)","background-image":"","background-repeat":"repeat","background-position":"center center","background-size":"auto","background-attachment":"scroll","background-type":"","background-media":"","overlay-type":"","overlay-color":"","overlay-opacity":"","overlay-gradient":""},"tablet":{"background-color":"var(--ast-global-color-5)","background-image":"","background-repeat":"repeat","background-position":"center center","background-size":"auto","background-attachment":"scroll","background-type":"","background-media":"","overlay-type":"","overlay-color":"","overlay-opacity":"","overlay-gradient":""},"mobile":{"background-color":"var(--ast-global-color-5)","background-image":"","background-repeat":"repeat","background-position":"center center","background-size":"auto","background-attachment":"scroll","background-type":"","background-media":"","overlay-type":"","overlay-color":"","overlay-opacity":"","overlay-gradient":""}},"footnotes":""},"class_list":["post-1352","page","type-page","status-publish","hentry"],"yoast_head":"<!-- This site is optimized with the Yoast SEO plugin v27.2 - https:\/\/yoast.com\/product\/yoast-seo-wordpress\/ -->\n<title>BS Computer - softver<\/title>\n<meta name=\"description\" content=\"Softver - programerski tim firme BS Computer je u stanju da ispuni Va\u0161e najkompleksnije zahteve vezane za proizvodnju softverskih re\u0161enja...\" \/>\n<meta name=\"robots\" content=\"index, follow, max-snippet:-1, max-image-preview:large, max-video-preview:-1\" \/>\n<link rel=\"canonical\" href=\"https:\/\/bscomputer.com\/en\/softver-2\/\" \/>\n<meta property=\"og:locale\" content=\"en_GB\" \/>\n<meta property=\"og:type\" content=\"article\" \/>\n<meta property=\"og:title\" content=\"BS Computer - softver\" \/>\n<meta property=\"og:description\" content=\"Softver - programerski tim firme BS Computer je u stanju da ispuni Va\u0161e najkompleksnije zahteve vezane za proizvodnju softverskih re\u0161enja...\" \/>\n<meta property=\"og:url\" content=\"https:\/\/bscomputer.com\/en\/softver-2\/\" \/>\n<meta property=\"og:site_name\" content=\"Knows how\" \/>\n<meta property=\"article:publisher\" content=\"https:\/\/www.facebook.com\/bscomputerzr\/\" \/>\n<meta property=\"article:modified_time\" content=\"2025-11-07T12:26:50+00:00\" \/>\n<meta property=\"og:image\" content=\"https:\/\/bscomputer.com\/wp-content\/uploads\/2022\/05\/softver-1.png\" \/>\n\t<meta property=\"og:image:width\" content=\"1250\" \/>\n\t<meta property=\"og:image:height\" content=\"1187\" \/>\n\t<meta property=\"og:image:type\" content=\"image\/png\" \/>\n<meta name=\"twitter:card\" content=\"summary_large_image\" \/>\n<meta name=\"twitter:site\" content=\"@bscomputerzr\" \/>\n<meta name=\"twitter:label1\" content=\"Estimated reading time\" \/>\n\t<meta name=\"twitter:data1\" content=\"1 minute\" \/>\n<script type=\"application\/ld+json\" class=\"yoast-schema-graph\">{\"@context\":\"https:\/\/schema.org\",\"@graph\":[{\"@type\":\"WebPage\",\"@id\":\"https:\/\/bscomputer.com\/softver-2\/\",\"url\":\"https:\/\/bscomputer.com\/softver-2\/\",\"name\":\"BS Computer - softver\",\"isPartOf\":{\"@id\":\"https:\/\/bscomputer.com\/#website\"},\"primaryImageOfPage\":{\"@id\":\"https:\/\/bscomputer.com\/softver-2\/#primaryimage\"},\"image\":{\"@id\":\"https:\/\/bscomputer.com\/softver-2\/#primaryimage\"},\"thumbnailUrl\":\"https:\/\/bscomputer.com\/wp-content\/uploads\/2022\/05\/softver-1.png\",\"datePublished\":\"2022-05-16T10:09:07+00:00\",\"dateModified\":\"2025-11-07T12:26:50+00:00\",\"description\":\"Softver - programerski tim firme BS Computer je u stanju da ispuni Va\u0161e najkompleksnije zahteve vezane za proizvodnju softverskih re\u0161enja...\",\"breadcrumb\":{\"@id\":\"https:\/\/bscomputer.com\/softver-2\/#breadcrumb\"},\"inLanguage\":\"en-GB\",\"potentialAction\":[{\"@type\":\"ReadAction\",\"target\":[\"https:\/\/bscomputer.com\/softver-2\/\"]}]},{\"@type\":\"ImageObject\",\"inLanguage\":\"en-GB\",\"@id\":\"https:\/\/bscomputer.com\/softver-2\/#primaryimage\",\"url\":\"https:\/\/bscomputer.com\/wp-content\/uploads\/2022\/05\/softver-1.png\",\"contentUrl\":\"https:\/\/bscomputer.com\/wp-content\/uploads\/2022\/05\/softver-1.png\"},{\"@type\":\"BreadcrumbList\",\"@id\":\"https:\/\/bscomputer.com\/softver-2\/#breadcrumb\",\"itemListElement\":[{\"@type\":\"ListItem\",\"position\":1,\"name\":\"Home\",\"item\":\"https:\/\/bscomputer.com\/\"},{\"@type\":\"ListItem\",\"position\":2,\"name\":\"Softver\"}]},{\"@type\":\"WebSite\",\"@id\":\"https:\/\/bscomputer.com\/#website\",\"url\":\"https:\/\/bscomputer.com\/\",\"name\":\"BS Computer - Knows how\",\"description\":\"BS Computer - Knows how\",\"publisher\":{\"@id\":\"https:\/\/bscomputer.com\/#organization\"},\"potentialAction\":[{\"@type\":\"SearchAction\",\"target\":{\"@type\":\"EntryPoint\",\"urlTemplate\":\"https:\/\/bscomputer.com\/?s={search_term_string}\"},\"query-input\":{\"@type\":\"PropertyValueSpecification\",\"valueRequired\":true,\"valueName\":\"search_term_string\"}}],\"inLanguage\":\"en-GB\"},{\"@type\":\"Organization\",\"@id\":\"https:\/\/bscomputer.com\/#organization\",\"name\":\"BS Computer\",\"url\":\"https:\/\/bscomputer.com\/\",\"logo\":{\"@type\":\"ImageObject\",\"inLanguage\":\"en-GB\",\"@id\":\"https:\/\/bscomputer.com\/#\/schema\/logo\/image\/\",\"url\":\"https:\/\/bscomputer.com\/wp-content\/uploads\/2020\/01\/logo-1.png\",\"contentUrl\":\"https:\/\/bscomputer.com\/wp-content\/uploads\/2020\/01\/logo-1.png\",\"width\":3228,\"height\":2669,\"caption\":\"BS Computer\"},\"image\":{\"@id\":\"https:\/\/bscomputer.com\/#\/schema\/logo\/image\/\"},\"sameAs\":[\"https:\/\/www.facebook.com\/bscomputerzr\/\",\"https:\/\/x.com\/bscomputerzr\",\"https:\/\/www.linkedin.com\/company\/bs-computer\/?original_referer=httpsbscsolutions.rs\",\"https:\/\/www.youtube.com\/user\/bscomputerZR\",\"https:\/\/www.instagram.com\/bscomputer.sasabajic\/\"]}]}<\/script>\n<!-- \/ Yoast SEO plugin. -->","yoast_head_json":{"title":"BS Computer - softver","description":"Softver - programerski tim firme BS Computer je u stanju da ispuni Va\u0161e najkompleksnije zahteve vezane za proizvodnju softverskih re\u0161enja...","robots":{"index":"index","follow":"follow","max-snippet":"max-snippet:-1","max-image-preview":"max-image-preview:large","max-video-preview":"max-video-preview:-1"},"canonical":"https:\/\/bscomputer.com\/en\/softver-2\/","og_locale":"en_GB","og_type":"article","og_title":"BS Computer - softver","og_description":"Softver - programerski tim firme BS Computer je u stanju da ispuni Va\u0161e najkompleksnije zahteve vezane za proizvodnju softverskih re\u0161enja...","og_url":"https:\/\/bscomputer.com\/en\/softver-2\/","og_site_name":"Knows how","article_publisher":"https:\/\/www.facebook.com\/bscomputerzr\/","article_modified_time":"2025-11-07T12:26:50+00:00","og_image":[{"width":1250,"height":1187,"url":"https:\/\/bscomputer.com\/wp-content\/uploads\/2022\/05\/softver-1.png","type":"image\/png"}],"twitter_card":"summary_large_image","twitter_site":"@bscomputerzr","twitter_misc":{"Estimated reading time":"1 minute"},"schema":{"@context":"https:\/\/schema.org","@graph":[{"@type":"WebPage","@id":"https:\/\/bscomputer.com\/softver-2\/","url":"https:\/\/bscomputer.com\/softver-2\/","name":"BS Computer - softver","isPartOf":{"@id":"https:\/\/bscomputer.com\/#website"},"primaryImageOfPage":{"@id":"https:\/\/bscomputer.com\/softver-2\/#primaryimage"},"image":{"@id":"https:\/\/bscomputer.com\/softver-2\/#primaryimage"},"thumbnailUrl":"https:\/\/bscomputer.com\/wp-content\/uploads\/2022\/05\/softver-1.png","datePublished":"2022-05-16T10:09:07+00:00","dateModified":"2025-11-07T12:26:50+00:00","description":"Softver - programerski tim firme BS Computer je u stanju da ispuni Va\u0161e najkompleksnije zahteve vezane za proizvodnju softverskih re\u0161enja...","breadcrumb":{"@id":"https:\/\/bscomputer.com\/softver-2\/#breadcrumb"},"inLanguage":"en-GB","potentialAction":[{"@type":"ReadAction","target":["https:\/\/bscomputer.com\/softver-2\/"]}]},{"@type":"ImageObject","inLanguage":"en-GB","@id":"https:\/\/bscomputer.com\/softver-2\/#primaryimage","url":"https:\/\/bscomputer.com\/wp-content\/uploads\/2022\/05\/softver-1.png","contentUrl":"https:\/\/bscomputer.com\/wp-content\/uploads\/2022\/05\/softver-1.png"},{"@type":"BreadcrumbList","@id":"https:\/\/bscomputer.com\/softver-2\/#breadcrumb","itemListElement":[{"@type":"ListItem","position":1,"name":"Home","item":"https:\/\/bscomputer.com\/"},{"@type":"ListItem","position":2,"name":"Softver"}]},{"@type":"WebSite","@id":"https:\/\/bscomputer.com\/#website","url":"https:\/\/bscomputer.com\/","name":"BS Computer - Knows how","description":"BS Computer - Knows how","publisher":{"@id":"https:\/\/bscomputer.com\/#organization"},"potentialAction":[{"@type":"SearchAction","target":{"@type":"EntryPoint","urlTemplate":"https:\/\/bscomputer.com\/?s={search_term_string}"},"query-input":{"@type":"PropertyValueSpecification","valueRequired":true,"valueName":"search_term_string"}}],"inLanguage":"en-GB"},{"@type":"Organization","@id":"https:\/\/bscomputer.com\/#organization","name":"BS Computer","url":"https:\/\/bscomputer.com\/","logo":{"@type":"ImageObject","inLanguage":"en-GB","@id":"https:\/\/bscomputer.com\/#\/schema\/logo\/image\/","url":"https:\/\/bscomputer.com\/wp-content\/uploads\/2020\/01\/logo-1.png","contentUrl":"https:\/\/bscomputer.com\/wp-content\/uploads\/2020\/01\/logo-1.png","width":3228,"height":2669,"caption":"BS Computer"},"image":{"@id":"https:\/\/bscomputer.com\/#\/schema\/logo\/image\/"},"sameAs":["https:\/\/www.facebook.com\/bscomputerzr\/","https:\/\/x.com\/bscomputerzr","https:\/\/www.linkedin.com\/company\/bs-computer\/?original_referer=httpsbscsolutions.rs","https:\/\/www.youtube.com\/user\/bscomputerZR","https:\/\/www.instagram.com\/bscomputer.sasabajic\/"]}]}},"_links":{"self":[{"href":"https:\/\/bscomputer.com\/en\/wp-json\/wp\/v2\/pages\/1352","targetHints":{"allow":["GET"]}}],"collection":[{"href":"https:\/\/bscomputer.com\/en\/wp-json\/wp\/v2\/pages"}],"about":[{"href":"https:\/\/bscomputer.com\/en\/wp-json\/wp\/v2\/types\/page"}],"author":[{"embeddable":true,"href":"https:\/\/bscomputer.com\/en\/wp-json\/wp\/v2\/users\/2"}],"replies":[{"embeddable":true,"href":"https:\/\/bscomputer.com\/en\/wp-json\/wp\/v2\/comments?post=1352"}],"version-history":[{"count":50,"href":"https:\/\/bscomputer.com\/en\/wp-json\/wp\/v2\/pages\/1352\/revisions"}],"predecessor-version":[{"id":2704,"href":"https:\/\/bscomputer.com\/en\/wp-json\/wp\/v2\/pages\/1352\/revisions\/2704"}],"wp:attachment":[{"href":"https:\/\/bscomputer.com\/en\/wp-json\/wp\/v2\/media?parent=1352"}],"curies":[{"name":"wp","href":"https:\/\/api.w.org\/{rel}","templated":true}]}}