{"id":1379,"date":"2022-05-16T13:04:08","date_gmt":"2022-05-16T13:04:08","guid":{"rendered":"https:\/\/bscomputer.com\/?page_id=1379"},"modified":"2025-11-07T12:24:07","modified_gmt":"2025-11-07T12:24:07","slug":"kljuc-u-ruke","status":"publish","type":"page","link":"https:\/\/bscomputer.com\/en\/kljuc-u-ruke\/","title":{"rendered":"Turnkey solution"},"content":{"rendered":"<div data-elementor-type=\"wp-page\" data-elementor-id=\"1379\" class=\"elementor elementor-1379\" data-elementor-post-type=\"page\">\n\t\t\t\t\t\t<section class=\"elementor-section elementor-top-section elementor-element elementor-element-40d38e58 elementor-section-boxed elementor-section-height-default elementor-section-height-default\" data-id=\"40d38e58\" data-element_type=\"section\" data-e-type=\"section\" data-settings=\"{&quot;background_background&quot;:&quot;classic&quot;}\">\n\t\t\t\t\t\t\t<div class=\"elementor-background-overlay\"><\/div>\n\t\t\t\t\t\t\t<div class=\"elementor-container elementor-column-gap-default\">\n\t\t\t\t\t<div class=\"elementor-column elementor-col-100 elementor-top-column elementor-element elementor-element-11cf62f6\" data-id=\"11cf62f6\" data-element_type=\"column\" data-e-type=\"column\">\n\t\t\t<div class=\"elementor-widget-wrap elementor-element-populated\">\n\t\t\t\t\t\t<div class=\"elementor-element elementor-element-3fd04577 elementor-widget elementor-widget-heading\" data-id=\"3fd04577\" data-element_type=\"widget\" data-e-type=\"widget\" data-widget_type=\"heading.default\">\n\t\t\t\t<div class=\"elementor-widget-container\">\n\t\t\t\t\t<h2 class=\"elementor-heading-title elementor-size-default\">Turnkey solution<\/h2>\t\t\t\t<\/div>\n\t\t\t\t<\/div>\n\t\t\t\t<div class=\"elementor-element elementor-element-5646ab5b elementor-widget elementor-widget-text-editor\" data-id=\"5646ab5b\" data-element_type=\"widget\" data-e-type=\"widget\" data-widget_type=\"text-editor.default\">\n\t\t\t\t<div class=\"elementor-widget-container\">\n\t\t\t\t\t\t\t\t\t<a href=\"https:\/\/bscomputer.com\/en\/\"><span style=\"color: #000000;\">BS Computer &gt;<\/span><\/a><span style=\"color: #000000;\"><a style=\"color: #000000;\" href=\"https:\/\/bscomputer.com\/en\/#usluge\"> Services<\/a> &gt;<\/span> <span style=\"color: #38bac6;\">Turnkey solution<\/span>\t\t\t\t\t\t\t\t<\/div>\n\t\t\t\t<\/div>\n\t\t\t\t\t<\/div>\n\t\t<\/div>\n\t\t\t\t\t<\/div>\n\t\t<\/section>\n\t\t\t\t<section class=\"elementor-section elementor-top-section elementor-element elementor-element-1012aa4f elementor-reverse-tablet elementor-reverse-mobile elementor-section-boxed elementor-section-height-default elementor-section-height-default\" data-id=\"1012aa4f\" data-element_type=\"section\" data-e-type=\"section\">\n\t\t\t\t\t\t<div class=\"elementor-container elementor-column-gap-custom\">\n\t\t\t\t\t<div class=\"elementor-column elementor-col-50 elementor-top-column elementor-element elementor-element-5fb7b716\" data-id=\"5fb7b716\" data-element_type=\"column\" data-e-type=\"column\">\n\t\t\t<div class=\"elementor-widget-wrap elementor-element-populated\">\n\t\t\t\t\t\t<div class=\"elementor-element elementor-element-625957f elementor-widget elementor-widget-image\" data-id=\"625957f\" data-element_type=\"widget\" data-e-type=\"widget\" data-widget_type=\"image.default\">\n\t\t\t\t<div class=\"elementor-widget-container\">\n\t\t\t\t\t\t\t\t\t\t\t\t\t\t\t<img fetchpriority=\"high\" decoding=\"async\" width=\"1255\" height=\"1364\" src=\"https:\/\/bscomputer.com\/wp-content\/uploads\/2022\/05\/kljuc-u-ruke.png\" class=\"attachment-full size-full wp-image-1382\" alt=\"\" srcset=\"https:\/\/bscomputer.com\/wp-content\/uploads\/2022\/05\/kljuc-u-ruke.png 1255w, https:\/\/bscomputer.com\/wp-content\/uploads\/2022\/05\/kljuc-u-ruke-276x300.png 276w, https:\/\/bscomputer.com\/wp-content\/uploads\/2022\/05\/kljuc-u-ruke-942x1024.png 942w, https:\/\/bscomputer.com\/wp-content\/uploads\/2022\/05\/kljuc-u-ruke-768x835.png 768w\" sizes=\"(max-width: 1255px) 100vw, 1255px\" \/>\t\t\t\t\t\t\t\t\t\t\t\t\t\t\t<\/div>\n\t\t\t\t<\/div>\n\t\t\t\t\t<\/div>\n\t\t<\/div>\n\t\t\t\t<div class=\"elementor-column elementor-col-50 elementor-top-column elementor-element elementor-element-3d4fcb4\" data-id=\"3d4fcb4\" data-element_type=\"column\" data-e-type=\"column\">\n\t\t\t<div class=\"elementor-widget-wrap elementor-element-populated\">\n\t\t\t\t\t\t<div class=\"elementor-element elementor-element-57d4574d elementor-widget elementor-widget-text-editor\" data-id=\"57d4574d\" data-element_type=\"widget\" data-e-type=\"widget\" data-widget_type=\"text-editor.default\">\n\t\t\t\t<div class=\"elementor-widget-container\">\n\t\t\t\t\t\t\t\t\t<p>\/\/ Services<\/p>\t\t\t\t\t\t\t\t<\/div>\n\t\t\t\t<\/div>\n\t\t\t\t<div class=\"elementor-element elementor-element-7dd0d32e elementor-widget elementor-widget-text-editor\" data-id=\"7dd0d32e\" data-element_type=\"widget\" data-e-type=\"widget\" data-widget_type=\"text-editor.default\">\n\t\t\t\t<div class=\"elementor-widget-container\">\n\t\t\t\t\t\t\t\t\t<p>Turnkey <span style=\"color: #38bac6;\">solution<\/span><\/p>\t\t\t\t\t\t\t\t<\/div>\n\t\t\t\t<\/div>\n\t\t\t\t<div class=\"elementor-element elementor-element-18bac535 elementor-widget elementor-widget-text-editor\" data-id=\"18bac535\" data-element_type=\"widget\" data-e-type=\"widget\" data-widget_type=\"text-editor.default\">\n\t\t\t\t<div class=\"elementor-widget-container\">\n\t\t\t\t\t\t\t\t\t<p>A significant part of BS Computer\u2019s service offering is the provision of IT solutions on a \u201cturnkey\u201d basis. This type of service includes all activities \u2014 from designing the company\u2019s complete IT infrastructure, procuring and installing equipment, and building the network infrastructure (both passive and active components), to acquiring and installing operating systems and application software on your company\u2019s computers and servers, along with proper user training to ensure maximum utilization of the implemented system.<\/p>\t\t\t\t\t\t\t\t<\/div>\n\t\t\t\t<\/div>\n\t\t\t\t<div class=\"elementor-element elementor-element-2c5189aa elementor-widget elementor-widget-text-editor\" data-id=\"2c5189aa\" data-element_type=\"widget\" data-e-type=\"widget\" data-widget_type=\"text-editor.default\">\n\t\t\t\t<div class=\"elementor-widget-container\">\n\t\t\t\t\t\t\t\t\t<p>As part of implementing such a solution, we are also able to integrate systems for VoIP telephony, video surveillance (DVR\/NVR), time attendance, access control, and similar technologies.<\/p>\t\t\t\t\t\t\t\t<\/div>\n\t\t\t\t<\/div>\n\t\t\t\t<div class=\"elementor-element elementor-element-1b808fb elementor-widget elementor-widget-text-editor\" data-id=\"1b808fb\" data-element_type=\"widget\" data-e-type=\"widget\" data-widget_type=\"text-editor.default\">\n\t\t\t\t<div class=\"elementor-widget-container\">\n\t\t\t\t\t\t\t\t\t<p>By implementing IT solutions on a \u201cturnkey\u201d basis, typical problems that often arise when multiple contractors work on infrastructure and IT solution implementation are avoided (such as lack of project documentation, equipment incompatibility, insufficient network resources due to poor capacity planning, etc.).<\/p>\t\t\t\t\t\t\t\t<\/div>\n\t\t\t\t<\/div>\n\t\t\t\t\t<\/div>\n\t\t<\/div>\n\t\t\t\t\t<\/div>\n\t\t<\/section>\n\t\t\t\t<\/div>","protected":false},"excerpt":{"rendered":"<p>Klju\u010d u ruke BS Computer &gt; Usluge &gt; Klju\u010d u ruke \/\/ Usluge Klju\u010d u ruke Zna\u010dajno mesto u ponudi firme BS Computer zauzima usluga IT re\u0161enja po sistemu \u201eklju\u010d u ruke\u201c. Ova vrsta usluge podrazumeva kompletne aktivnosti od projektovanja celokupne IT infrastrukture preduze\u0107a, nabavke i monta\u017ee opreme, izrade mre\u017ene infrastrukture (pasivni i aktivni deo), [&hellip;]<\/p>\n","protected":false},"author":2,"featured_media":0,"parent":0,"menu_order":0,"comment_status":"closed","ping_status":"closed","template":"","meta":{"site-sidebar-layout":"no-sidebar","site-content-layout":"page-builder","ast-site-content-layout":"default","site-content-style":"default","site-sidebar-style":"default","ast-global-header-display":"","ast-banner-title-visibility":"","ast-main-header-display":"","ast-hfb-above-header-display":"","ast-hfb-below-header-display":"","ast-hfb-mobile-header-display":"","site-post-title":"disabled","ast-breadcrumbs-content":"","ast-featured-img":"disabled","footer-sml-layout":"","ast-disable-related-posts":"","theme-transparent-header-meta":"","adv-header-id-meta":"","stick-header-meta":"","header-above-stick-meta":"","header-main-stick-meta":"","header-below-stick-meta":"","astra-migrate-meta-layouts":"default","ast-page-background-enabled":"default","ast-page-background-meta":{"desktop":{"background-color":"","background-image":"","background-repeat":"repeat","background-position":"center center","background-size":"auto","background-attachment":"scroll","background-type":"","background-media":"","overlay-type":"","overlay-color":"","overlay-opacity":"","overlay-gradient":""},"tablet":{"background-color":"","background-image":"","background-repeat":"repeat","background-position":"center center","background-size":"auto","background-attachment":"scroll","background-type":"","background-media":"","overlay-type":"","overlay-color":"","overlay-opacity":"","overlay-gradient":""},"mobile":{"background-color":"","background-image":"","background-repeat":"repeat","background-position":"center center","background-size":"auto","background-attachment":"scroll","background-type":"","background-media":"","overlay-type":"","overlay-color":"","overlay-opacity":"","overlay-gradient":""}},"ast-content-background-meta":{"desktop":{"background-color":"var(--ast-global-color-5)","background-image":"","background-repeat":"repeat","background-position":"center center","background-size":"auto","background-attachment":"scroll","background-type":"","background-media":"","overlay-type":"","overlay-color":"","overlay-opacity":"","overlay-gradient":""},"tablet":{"background-color":"var(--ast-global-color-5)","background-image":"","background-repeat":"repeat","background-position":"center center","background-size":"auto","background-attachment":"scroll","background-type":"","background-media":"","overlay-type":"","overlay-color":"","overlay-opacity":"","overlay-gradient":""},"mobile":{"background-color":"var(--ast-global-color-5)","background-image":"","background-repeat":"repeat","background-position":"center center","background-size":"auto","background-attachment":"scroll","background-type":"","background-media":"","overlay-type":"","overlay-color":"","overlay-opacity":"","overlay-gradient":""}},"footnotes":""},"class_list":["post-1379","page","type-page","status-publish","hentry"],"yoast_head":"<!-- This site is optimized with the Yoast SEO plugin v27.2 - https:\/\/yoast.com\/product\/yoast-seo-wordpress\/ -->\n<title>Klju\u010d u ruke - Knows how<\/title>\n<meta name=\"robots\" content=\"index, follow, max-snippet:-1, max-image-preview:large, max-video-preview:-1\" \/>\n<link rel=\"canonical\" href=\"https:\/\/bscomputer.com\/en\/kljuc-u-ruke\/\" \/>\n<meta property=\"og:locale\" content=\"en_GB\" \/>\n<meta property=\"og:type\" content=\"article\" \/>\n<meta property=\"og:title\" content=\"Klju\u010d u ruke - Knows how\" \/>\n<meta property=\"og:description\" content=\"Klju\u010d u ruke BS Computer &gt; Usluge &gt; Klju\u010d u ruke \/\/ Usluge Klju\u010d u ruke Zna\u010dajno mesto u ponudi firme BS Computer zauzima usluga IT re\u0161enja po sistemu \u201eklju\u010d u ruke\u201c. Ova vrsta usluge podrazumeva kompletne aktivnosti od projektovanja celokupne IT infrastrukture preduze\u0107a, nabavke i monta\u017ee opreme, izrade mre\u017ene infrastrukture (pasivni i aktivni deo), [&hellip;]\" \/>\n<meta property=\"og:url\" content=\"https:\/\/bscomputer.com\/en\/kljuc-u-ruke\/\" \/>\n<meta property=\"og:site_name\" content=\"Knows how\" \/>\n<meta property=\"article:publisher\" content=\"https:\/\/www.facebook.com\/bscomputerzr\/\" \/>\n<meta property=\"article:modified_time\" content=\"2025-11-07T12:24:07+00:00\" \/>\n<meta property=\"og:image\" content=\"https:\/\/bscomputer.com\/wp-content\/uploads\/2022\/05\/kljuc-u-ruke.png\" \/>\n\t<meta property=\"og:image:width\" content=\"1255\" \/>\n\t<meta property=\"og:image:height\" content=\"1364\" \/>\n\t<meta property=\"og:image:type\" content=\"image\/png\" \/>\n<meta name=\"twitter:card\" content=\"summary_large_image\" \/>\n<meta name=\"twitter:site\" content=\"@bscomputerzr\" \/>\n<meta name=\"twitter:label1\" content=\"Estimated reading time\" \/>\n\t<meta name=\"twitter:data1\" content=\"1 minute\" \/>\n<script type=\"application\/ld+json\" class=\"yoast-schema-graph\">{\"@context\":\"https:\/\/schema.org\",\"@graph\":[{\"@type\":\"WebPage\",\"@id\":\"https:\/\/bscomputer.com\/kljuc-u-ruke\/\",\"url\":\"https:\/\/bscomputer.com\/kljuc-u-ruke\/\",\"name\":\"Klju\u010d u ruke - Knows how\",\"isPartOf\":{\"@id\":\"https:\/\/bscomputer.com\/#website\"},\"primaryImageOfPage\":{\"@id\":\"https:\/\/bscomputer.com\/kljuc-u-ruke\/#primaryimage\"},\"image\":{\"@id\":\"https:\/\/bscomputer.com\/kljuc-u-ruke\/#primaryimage\"},\"thumbnailUrl\":\"https:\/\/bscomputer.com\/wp-content\/uploads\/2022\/05\/kljuc-u-ruke.png\",\"datePublished\":\"2022-05-16T13:04:08+00:00\",\"dateModified\":\"2025-11-07T12:24:07+00:00\",\"breadcrumb\":{\"@id\":\"https:\/\/bscomputer.com\/kljuc-u-ruke\/#breadcrumb\"},\"inLanguage\":\"en-GB\",\"potentialAction\":[{\"@type\":\"ReadAction\",\"target\":[\"https:\/\/bscomputer.com\/kljuc-u-ruke\/\"]}]},{\"@type\":\"ImageObject\",\"inLanguage\":\"en-GB\",\"@id\":\"https:\/\/bscomputer.com\/kljuc-u-ruke\/#primaryimage\",\"url\":\"https:\/\/bscomputer.com\/wp-content\/uploads\/2022\/05\/kljuc-u-ruke.png\",\"contentUrl\":\"https:\/\/bscomputer.com\/wp-content\/uploads\/2022\/05\/kljuc-u-ruke.png\"},{\"@type\":\"BreadcrumbList\",\"@id\":\"https:\/\/bscomputer.com\/kljuc-u-ruke\/#breadcrumb\",\"itemListElement\":[{\"@type\":\"ListItem\",\"position\":1,\"name\":\"Home\",\"item\":\"https:\/\/bscomputer.com\/\"},{\"@type\":\"ListItem\",\"position\":2,\"name\":\"Klju\u010d u ruke\"}]},{\"@type\":\"WebSite\",\"@id\":\"https:\/\/bscomputer.com\/#website\",\"url\":\"https:\/\/bscomputer.com\/\",\"name\":\"BS Computer - Knows how\",\"description\":\"BS Computer - Knows how\",\"publisher\":{\"@id\":\"https:\/\/bscomputer.com\/#organization\"},\"potentialAction\":[{\"@type\":\"SearchAction\",\"target\":{\"@type\":\"EntryPoint\",\"urlTemplate\":\"https:\/\/bscomputer.com\/?s={search_term_string}\"},\"query-input\":{\"@type\":\"PropertyValueSpecification\",\"valueRequired\":true,\"valueName\":\"search_term_string\"}}],\"inLanguage\":\"en-GB\"},{\"@type\":\"Organization\",\"@id\":\"https:\/\/bscomputer.com\/#organization\",\"name\":\"BS Computer\",\"url\":\"https:\/\/bscomputer.com\/\",\"logo\":{\"@type\":\"ImageObject\",\"inLanguage\":\"en-GB\",\"@id\":\"https:\/\/bscomputer.com\/#\/schema\/logo\/image\/\",\"url\":\"https:\/\/bscomputer.com\/wp-content\/uploads\/2020\/01\/logo-1.png\",\"contentUrl\":\"https:\/\/bscomputer.com\/wp-content\/uploads\/2020\/01\/logo-1.png\",\"width\":3228,\"height\":2669,\"caption\":\"BS Computer\"},\"image\":{\"@id\":\"https:\/\/bscomputer.com\/#\/schema\/logo\/image\/\"},\"sameAs\":[\"https:\/\/www.facebook.com\/bscomputerzr\/\",\"https:\/\/x.com\/bscomputerzr\",\"https:\/\/www.linkedin.com\/company\/bs-computer\/?original_referer=httpsbscsolutions.rs\",\"https:\/\/www.youtube.com\/user\/bscomputerZR\",\"https:\/\/www.instagram.com\/bscomputer.sasabajic\/\"]}]}<\/script>\n<!-- \/ Yoast SEO plugin. -->","yoast_head_json":{"title":"Klju\u010d u ruke - Knows how","robots":{"index":"index","follow":"follow","max-snippet":"max-snippet:-1","max-image-preview":"max-image-preview:large","max-video-preview":"max-video-preview:-1"},"canonical":"https:\/\/bscomputer.com\/en\/kljuc-u-ruke\/","og_locale":"en_GB","og_type":"article","og_title":"Klju\u010d u ruke - Knows how","og_description":"Klju\u010d u ruke BS Computer &gt; Usluge &gt; Klju\u010d u ruke \/\/ Usluge Klju\u010d u ruke Zna\u010dajno mesto u ponudi firme BS Computer zauzima usluga IT re\u0161enja po sistemu \u201eklju\u010d u ruke\u201c. Ova vrsta usluge podrazumeva kompletne aktivnosti od projektovanja celokupne IT infrastrukture preduze\u0107a, nabavke i monta\u017ee opreme, izrade mre\u017ene infrastrukture (pasivni i aktivni deo), [&hellip;]","og_url":"https:\/\/bscomputer.com\/en\/kljuc-u-ruke\/","og_site_name":"Knows how","article_publisher":"https:\/\/www.facebook.com\/bscomputerzr\/","article_modified_time":"2025-11-07T12:24:07+00:00","og_image":[{"width":1255,"height":1364,"url":"https:\/\/bscomputer.com\/wp-content\/uploads\/2022\/05\/kljuc-u-ruke.png","type":"image\/png"}],"twitter_card":"summary_large_image","twitter_site":"@bscomputerzr","twitter_misc":{"Estimated reading time":"1 minute"},"schema":{"@context":"https:\/\/schema.org","@graph":[{"@type":"WebPage","@id":"https:\/\/bscomputer.com\/kljuc-u-ruke\/","url":"https:\/\/bscomputer.com\/kljuc-u-ruke\/","name":"Klju\u010d u ruke - Knows how","isPartOf":{"@id":"https:\/\/bscomputer.com\/#website"},"primaryImageOfPage":{"@id":"https:\/\/bscomputer.com\/kljuc-u-ruke\/#primaryimage"},"image":{"@id":"https:\/\/bscomputer.com\/kljuc-u-ruke\/#primaryimage"},"thumbnailUrl":"https:\/\/bscomputer.com\/wp-content\/uploads\/2022\/05\/kljuc-u-ruke.png","datePublished":"2022-05-16T13:04:08+00:00","dateModified":"2025-11-07T12:24:07+00:00","breadcrumb":{"@id":"https:\/\/bscomputer.com\/kljuc-u-ruke\/#breadcrumb"},"inLanguage":"en-GB","potentialAction":[{"@type":"ReadAction","target":["https:\/\/bscomputer.com\/kljuc-u-ruke\/"]}]},{"@type":"ImageObject","inLanguage":"en-GB","@id":"https:\/\/bscomputer.com\/kljuc-u-ruke\/#primaryimage","url":"https:\/\/bscomputer.com\/wp-content\/uploads\/2022\/05\/kljuc-u-ruke.png","contentUrl":"https:\/\/bscomputer.com\/wp-content\/uploads\/2022\/05\/kljuc-u-ruke.png"},{"@type":"BreadcrumbList","@id":"https:\/\/bscomputer.com\/kljuc-u-ruke\/#breadcrumb","itemListElement":[{"@type":"ListItem","position":1,"name":"Home","item":"https:\/\/bscomputer.com\/"},{"@type":"ListItem","position":2,"name":"Klju\u010d u ruke"}]},{"@type":"WebSite","@id":"https:\/\/bscomputer.com\/#website","url":"https:\/\/bscomputer.com\/","name":"BS Computer - Knows how","description":"BS Computer - Knows how","publisher":{"@id":"https:\/\/bscomputer.com\/#organization"},"potentialAction":[{"@type":"SearchAction","target":{"@type":"EntryPoint","urlTemplate":"https:\/\/bscomputer.com\/?s={search_term_string}"},"query-input":{"@type":"PropertyValueSpecification","valueRequired":true,"valueName":"search_term_string"}}],"inLanguage":"en-GB"},{"@type":"Organization","@id":"https:\/\/bscomputer.com\/#organization","name":"BS Computer","url":"https:\/\/bscomputer.com\/","logo":{"@type":"ImageObject","inLanguage":"en-GB","@id":"https:\/\/bscomputer.com\/#\/schema\/logo\/image\/","url":"https:\/\/bscomputer.com\/wp-content\/uploads\/2020\/01\/logo-1.png","contentUrl":"https:\/\/bscomputer.com\/wp-content\/uploads\/2020\/01\/logo-1.png","width":3228,"height":2669,"caption":"BS Computer"},"image":{"@id":"https:\/\/bscomputer.com\/#\/schema\/logo\/image\/"},"sameAs":["https:\/\/www.facebook.com\/bscomputerzr\/","https:\/\/x.com\/bscomputerzr","https:\/\/www.linkedin.com\/company\/bs-computer\/?original_referer=httpsbscsolutions.rs","https:\/\/www.youtube.com\/user\/bscomputerZR","https:\/\/www.instagram.com\/bscomputer.sasabajic\/"]}]}},"_links":{"self":[{"href":"https:\/\/bscomputer.com\/en\/wp-json\/wp\/v2\/pages\/1379","targetHints":{"allow":["GET"]}}],"collection":[{"href":"https:\/\/bscomputer.com\/en\/wp-json\/wp\/v2\/pages"}],"about":[{"href":"https:\/\/bscomputer.com\/en\/wp-json\/wp\/v2\/types\/page"}],"author":[{"embeddable":true,"href":"https:\/\/bscomputer.com\/en\/wp-json\/wp\/v2\/users\/2"}],"replies":[{"embeddable":true,"href":"https:\/\/bscomputer.com\/en\/wp-json\/wp\/v2\/comments?post=1379"}],"version-history":[{"count":22,"href":"https:\/\/bscomputer.com\/en\/wp-json\/wp\/v2\/pages\/1379\/revisions"}],"predecessor-version":[{"id":2692,"href":"https:\/\/bscomputer.com\/en\/wp-json\/wp\/v2\/pages\/1379\/revisions\/2692"}],"wp:attachment":[{"href":"https:\/\/bscomputer.com\/en\/wp-json\/wp\/v2\/media?parent=1379"}],"curies":[{"name":"wp","href":"https:\/\/api.w.org\/{rel}","templated":true}]}}