{"id":2727,"date":"2025-12-10T08:27:09","date_gmt":"2025-12-10T08:27:09","guid":{"rendered":"https:\/\/bscomputer.com\/?page_id=2727"},"modified":"2025-12-16T20:53:35","modified_gmt":"2025-12-16T20:53:35","slug":"pocetna","status":"publish","type":"page","link":"https:\/\/bscomputer.com\/en\/pocetna\/","title":{"rendered":"Home"},"content":{"rendered":"\t\t<div data-elementor-type=\"wp-page\" data-elementor-id=\"2727\" class=\"elementor elementor-2727\" data-elementor-post-type=\"page\">\n\t\t\t\t<div class=\"elementor-element elementor-element-4679f20 e-flex e-con-boxed e-con e-parent\" data-id=\"4679f20\" data-element_type=\"container\" data-e-type=\"container\" data-settings=\"{&quot;background_background&quot;:&quot;classic&quot;,&quot;sticky&quot;:&quot;top&quot;,&quot;sticky_on&quot;:[&quot;desktop&quot;,&quot;tablet&quot;,&quot;mobile&quot;],&quot;sticky_offset&quot;:0,&quot;sticky_effects_offset&quot;:0,&quot;sticky_anchor_link_offset&quot;:0}\">\n\t\t\t\t\t<div class=\"e-con-inner\">\n\t\t<div class=\"elementor-element elementor-element-0bd0903 e-con-full e-flex e-con e-child\" data-id=\"0bd0903\" data-element_type=\"container\" data-e-type=\"container\">\n\t\t\t\t<div class=\"elementor-element elementor-element-c47dd15 elementor-widget elementor-widget-heading\" data-id=\"c47dd15\" data-element_type=\"widget\" data-e-type=\"widget\" data-widget_type=\"heading.default\">\n\t\t\t\t<div class=\"elementor-widget-container\">\n\t\t\t\t\t<h2 class=\"elementor-heading-title elementor-size-default\">Mi znamo kako<\/h2>\t\t\t\t<\/div>\n\t\t\t\t<\/div>\n\t\t\t\t<div class=\"elementor-element elementor-element-220d203 elementor-widget elementor-widget-heading\" data-id=\"220d203\" data-element_type=\"widget\" data-e-type=\"widget\" data-widget_type=\"heading.default\">\n\t\t\t\t<div class=\"elementor-widget-container\">\n\t\t\t\t\t<h2 class=\"elementor-heading-title elementor-size-default\">\nBS COMPUTER\n<\/h2>\t\t\t\t<\/div>\n\t\t\t\t<\/div>\n\t\t\t\t<div class=\"elementor-element elementor-element-bb699e9 elementor-widget elementor-widget-text-editor\" data-id=\"bb699e9\" data-element_type=\"widget\" data-e-type=\"widget\" data-widget_type=\"text-editor.default\">\n\t\t\t\t<div class=\"elementor-widget-container\">\n\t\t\t\t\t\t\t\t\t<p>BS Computer je osnovan 10. oktobra 2005. godine sa sedi\u0161tem u Zrenjaninu. Na\u0161 BSC tim zajedni\u010dki konstantno radi na unapre\u0111enju poslovanja i na pove\u0107anju kvaliteta i obima usluga koje pru\u017eamo.<\/p>\t\t\t\t\t\t\t\t<\/div>\n\t\t\t\t<\/div>\n\t\t\t\t<\/div>\n\t\t\t\t\t<\/div>\n\t\t\t\t<\/div>\n\t\t<div class=\"elementor-element elementor-element-fb3bed4 e-flex e-con-boxed e-con e-parent\" data-id=\"fb3bed4\" data-element_type=\"container\" data-e-type=\"container\" data-settings=\"{&quot;background_background&quot;:&quot;classic&quot;,&quot;sticky&quot;:&quot;top&quot;,&quot;sticky_on&quot;:[&quot;desktop&quot;,&quot;tablet&quot;,&quot;mobile&quot;],&quot;sticky_offset&quot;:0,&quot;sticky_effects_offset&quot;:0,&quot;sticky_anchor_link_offset&quot;:0}\">\n\t\t\t\t\t<div class=\"e-con-inner\">\n\t\t<div class=\"elementor-element elementor-element-dc06df8 e-con-full e-flex e-con e-child\" data-id=\"dc06df8\" data-element_type=\"container\" data-e-type=\"container\">\n\t\t\t\t\t    \t            <button class=\"e-01b000e-fbc356f e-button-base\" data-interaction-id=\"01b000e\" data-interactions=\"&#x5B;&#x5D;\"  data-e-type=\"widget\" data-id=\"01b000e\" >\n            O nama\n        <\/button>\n    \t\t\t\t\t    \t            <button class=\"e-8569b23-8bb7e3e e-button-base\" data-interaction-id=\"8569b23\" data-interactions=\"&#x5B;&#x5D;\"  data-e-type=\"widget\" data-id=\"8569b23\" >\n            Usluge\n        <\/button>\n    \t\t\t\t\t    \t            <button class=\"e-097ff31-8256294 e-button-base\" data-interaction-id=\"097ff31\" data-interactions=\"&#x5B;&#x5D;\"  data-e-type=\"widget\" data-id=\"097ff31\" >\n            Projekti\n        <\/button>\n    \t\t\t\t\t    \t            <button class=\"e-13a0771-cf27e44 e-button-base\" data-interaction-id=\"13a0771\" data-interactions=\"&#x5B;&#x5D;\"  data-e-type=\"widget\" data-id=\"13a0771\" >\n            Reference\n        <\/button>\n    \t\t\t\t\t    \t            <button class=\"e-e09cbf7-38ab8c7 e-button-base\" data-interaction-id=\"e09cbf7\" data-interactions=\"&#x5B;&#x5D;\"  data-e-type=\"widget\" data-id=\"e09cbf7\" >\n            Kontakt\n        <\/button>\n    \t\t\t\t<\/div>\n\t\t\t\t\t<\/div>\n\t\t\t\t<\/div>\n\t\t<div class=\"elementor-element elementor-element-346cc3b e-flex e-con-boxed e-con e-parent\" data-id=\"346cc3b\" data-element_type=\"container\" data-e-type=\"container\" data-settings=\"{&quot;background_background&quot;:&quot;classic&quot;}\">\n\t\t\t\t\t<div class=\"e-con-inner\">\n\t\t<div class=\"elementor-element elementor-element-50cd6dc e-con-full e-flex e-con e-child\" data-id=\"50cd6dc\" data-element_type=\"container\" data-e-type=\"container\">\n\t\t\t\t<div class=\"elementor-element elementor-element-5dd219c elementor-absolute elementor-widget elementor-widget-image\" data-id=\"5dd219c\" data-element_type=\"widget\" data-e-type=\"widget\" data-settings=\"{&quot;_position&quot;:&quot;absolute&quot;}\" data-widget_type=\"image.default\">\n\t\t\t\t<div class=\"elementor-widget-container\">\n\t\t\t\t\t\t\t\t\t\t\t\t\t\t\t<img fetchpriority=\"high\" decoding=\"async\" width=\"483\" height=\"520\" src=\"https:\/\/bscomputer.com\/wp-content\/uploads\/2025\/12\/66da9f55aa9e740b88b32ec7_Interir-One.webp\" class=\"attachment-full size-full wp-image-2778\" alt=\"\" srcset=\"https:\/\/bscomputer.com\/wp-content\/uploads\/2025\/12\/66da9f55aa9e740b88b32ec7_Interir-One.webp 483w, https:\/\/bscomputer.com\/wp-content\/uploads\/2025\/12\/66da9f55aa9e740b88b32ec7_Interir-One-279x300.webp 279w, https:\/\/bscomputer.com\/wp-content\/uploads\/2025\/12\/66da9f55aa9e740b88b32ec7_Interir-One-11x12.webp 11w\" sizes=\"(max-width: 483px) 100vw, 483px\" \/>\t\t\t\t\t\t\t\t\t\t\t\t\t\t\t<\/div>\n\t\t\t\t<\/div>\n\t\t\t\t<div class=\"elementor-element elementor-element-f9f161d elementor-absolute elementor-widget elementor-widget-image\" data-id=\"f9f161d\" data-element_type=\"widget\" data-e-type=\"widget\" data-settings=\"{&quot;_position&quot;:&quot;absolute&quot;}\" data-widget_type=\"image.default\">\n\t\t\t\t<div class=\"elementor-widget-container\">\n\t\t\t\t\t\t\t\t\t\t\t\t\t\t\t<img decoding=\"async\" width=\"500\" height=\"585\" src=\"https:\/\/bscomputer.com\/wp-content\/uploads\/2025\/12\/66da9f56aa9e740b88b32efe_Stracture-p-500.webp\" class=\"attachment-full size-full wp-image-2779\" alt=\"\" srcset=\"https:\/\/bscomputer.com\/wp-content\/uploads\/2025\/12\/66da9f56aa9e740b88b32efe_Stracture-p-500.webp 500w, https:\/\/bscomputer.com\/wp-content\/uploads\/2025\/12\/66da9f56aa9e740b88b32efe_Stracture-p-500-256x300.webp 256w, https:\/\/bscomputer.com\/wp-content\/uploads\/2025\/12\/66da9f56aa9e740b88b32efe_Stracture-p-500-10x12.webp 10w\" sizes=\"(max-width: 500px) 100vw, 500px\" \/>\t\t\t\t\t\t\t\t\t\t\t\t\t\t\t<\/div>\n\t\t\t\t<\/div>\n\t\t\t\t<div class=\"elementor-element elementor-element-d3adcc5 elementor-absolute elementor-widget elementor-widget-image\" data-id=\"d3adcc5\" data-element_type=\"widget\" data-e-type=\"widget\" data-settings=\"{&quot;_position&quot;:&quot;absolute&quot;}\" data-widget_type=\"image.default\">\n\t\t\t\t<div class=\"elementor-widget-container\">\n\t\t\t\t\t\t\t\t\t\t\t\t\t\t\t<img decoding=\"async\" width=\"500\" height=\"654\" src=\"https:\/\/bscomputer.com\/wp-content\/uploads\/2025\/12\/66da9f56aa9e740b88b32ed9_Home_20Three_20Work_20Image_20Two-p-500.webp\" class=\"attachment-full size-full wp-image-2777\" alt=\"\" srcset=\"https:\/\/bscomputer.com\/wp-content\/uploads\/2025\/12\/66da9f56aa9e740b88b32ed9_Home_20Three_20Work_20Image_20Two-p-500.webp 500w, https:\/\/bscomputer.com\/wp-content\/uploads\/2025\/12\/66da9f56aa9e740b88b32ed9_Home_20Three_20Work_20Image_20Two-p-500-229x300.webp 229w, https:\/\/bscomputer.com\/wp-content\/uploads\/2025\/12\/66da9f56aa9e740b88b32ed9_Home_20Three_20Work_20Image_20Two-p-500-9x12.webp 9w\" sizes=\"(max-width: 500px) 100vw, 500px\" \/>\t\t\t\t\t\t\t\t\t\t\t\t\t\t\t<\/div>\n\t\t\t\t<\/div>\n\t\t\t\t<\/div>\n\t\t<div class=\"elementor-element elementor-element-c5df184 e-con-full e-flex e-con e-child\" data-id=\"c5df184\" data-element_type=\"container\" data-e-type=\"container\">\n\t\t\t\t<\/div>\n\t\t\t\t\t<\/div>\n\t\t\t\t<\/div>\n\t\t\t\t<\/div>\n\t\t","protected":false},"excerpt":{"rendered":"<p>Mi znamo kako BS COMPUTER BS Computer je osnovan 10. oktobra 2005. godine sa sedi\u0161tem u Zrenjaninu. Na\u0161 BSC tim zajedni\u010dki konstantno radi na unapre\u0111enju poslovanja i na pove\u0107anju kvaliteta i obima usluga koje pru\u017eamo. O nama Usluge Projekti Reference Kontakt<\/p>","protected":false},"author":2,"featured_media":0,"parent":0,"menu_order":0,"comment_status":"closed","ping_status":"closed","template":"","meta":{"site-sidebar-layout":"no-sidebar","site-content-layout":"page-builder","ast-site-content-layout":"full-width-container","site-content-style":"default","site-sidebar-style":"default","ast-global-header-display":"","ast-banner-title-visibility":"","ast-main-header-display":"","ast-hfb-above-header-display":"","ast-hfb-below-header-display":"","ast-hfb-mobile-header-display":"","site-post-title":"disabled","ast-breadcrumbs-content":"","ast-featured-img":"disabled","footer-sml-layout":"","ast-disable-related-posts":"","theme-transparent-header-meta":"","adv-header-id-meta":"","stick-header-meta":"","header-above-stick-meta":"","header-main-stick-meta":"","header-below-stick-meta":"","astra-migrate-meta-layouts":"set","ast-page-background-enabled":"default","ast-page-background-meta":{"desktop":{"background-color":"","background-image":"","background-repeat":"repeat","background-position":"center center","background-size":"auto","background-attachment":"scroll","background-type":"","background-media":"","overlay-type":"","overlay-color":"","overlay-opacity":"","overlay-gradient":""},"tablet":{"background-color":"","background-image":"","background-repeat":"repeat","background-position":"center center","background-size":"auto","background-attachment":"scroll","background-type":"","background-media":"","overlay-type":"","overlay-color":"","overlay-opacity":"","overlay-gradient":""},"mobile":{"background-color":"","background-image":"","background-repeat":"repeat","background-position":"center center","background-size":"auto","background-attachment":"scroll","background-type":"","background-media":"","overlay-type":"","overlay-color":"","overlay-opacity":"","overlay-gradient":""}},"ast-content-background-meta":{"desktop":{"background-color":"var(--ast-global-color-5)","background-image":"","background-repeat":"repeat","background-position":"center center","background-size":"auto","background-attachment":"scroll","background-type":"","background-media":"","overlay-type":"","overlay-color":"","overlay-opacity":"","overlay-gradient":""},"tablet":{"background-color":"var(--ast-global-color-5)","background-image":"","background-repeat":"repeat","background-position":"center center","background-size":"auto","background-attachment":"scroll","background-type":"","background-media":"","overlay-type":"","overlay-color":"","overlay-opacity":"","overlay-gradient":""},"mobile":{"background-color":"var(--ast-global-color-5)","background-image":"","background-repeat":"repeat","background-position":"center center","background-size":"auto","background-attachment":"scroll","background-type":"","background-media":"","overlay-type":"","overlay-color":"","overlay-opacity":"","overlay-gradient":""}},"footnotes":""},"class_list":["post-2727","page","type-page","status-publish","hentry"],"yoast_head":"<!-- This site is optimized with the Yoast SEO plugin v27.2 - https:\/\/yoast.com\/product\/yoast-seo-wordpress\/ -->\n<title>Po\u010detna - Knows how<\/title>\n<meta name=\"robots\" content=\"index, follow, max-snippet:-1, max-image-preview:large, max-video-preview:-1\" \/>\n<link rel=\"canonical\" href=\"https:\/\/bscomputer.com\/en\/pocetna\/\" \/>\n<meta property=\"og:locale\" content=\"en_GB\" \/>\n<meta property=\"og:type\" content=\"article\" \/>\n<meta property=\"og:title\" content=\"Po\u010detna - Knows how\" \/>\n<meta property=\"og:description\" content=\"Mi znamo kako BS COMPUTER BS Computer je osnovan 10. oktobra 2005. godine sa sedi\u0161tem u Zrenjaninu. Na\u0161 BSC tim zajedni\u010dki konstantno radi na unapre\u0111enju poslovanja i na pove\u0107anju kvaliteta i obima usluga koje pru\u017eamo. O nama Usluge Projekti Reference Kontakt\" \/>\n<meta property=\"og:url\" content=\"https:\/\/bscomputer.com\/en\/pocetna\/\" \/>\n<meta property=\"og:site_name\" content=\"Knows how\" \/>\n<meta property=\"article:publisher\" content=\"https:\/\/www.facebook.com\/bscomputerzr\/\" \/>\n<meta property=\"article:modified_time\" content=\"2025-12-16T20:53:35+00:00\" \/>\n<meta property=\"og:image\" content=\"https:\/\/bscomputer.com\/wp-content\/uploads\/2025\/12\/66da9f55aa9e740b88b32ec7_Interir-One.webp\" \/>\n\t<meta property=\"og:image:width\" content=\"483\" \/>\n\t<meta property=\"og:image:height\" content=\"520\" \/>\n\t<meta property=\"og:image:type\" content=\"image\/webp\" \/>\n<meta name=\"twitter:card\" content=\"summary_large_image\" \/>\n<meta name=\"twitter:site\" content=\"@bscomputerzr\" \/>\n<meta name=\"twitter:label1\" content=\"Estimated reading time\" \/>\n\t<meta name=\"twitter:data1\" content=\"1 minute\" \/>\n<script type=\"application\/ld+json\" class=\"yoast-schema-graph\">{\"@context\":\"https:\/\/schema.org\",\"@graph\":[{\"@type\":\"WebPage\",\"@id\":\"https:\/\/bscomputer.com\/pocetna\/\",\"url\":\"https:\/\/bscomputer.com\/pocetna\/\",\"name\":\"Po\u010detna - Knows how\",\"isPartOf\":{\"@id\":\"https:\/\/bscomputer.com\/#website\"},\"primaryImageOfPage\":{\"@id\":\"https:\/\/bscomputer.com\/pocetna\/#primaryimage\"},\"image\":{\"@id\":\"https:\/\/bscomputer.com\/pocetna\/#primaryimage\"},\"thumbnailUrl\":\"https:\/\/bscomputer.com\/wp-content\/uploads\/2025\/12\/66da9f55aa9e740b88b32ec7_Interir-One.webp\",\"datePublished\":\"2025-12-10T08:27:09+00:00\",\"dateModified\":\"2025-12-16T20:53:35+00:00\",\"breadcrumb\":{\"@id\":\"https:\/\/bscomputer.com\/pocetna\/#breadcrumb\"},\"inLanguage\":\"en-GB\",\"potentialAction\":[{\"@type\":\"ReadAction\",\"target\":[\"https:\/\/bscomputer.com\/pocetna\/\"]}]},{\"@type\":\"ImageObject\",\"inLanguage\":\"en-GB\",\"@id\":\"https:\/\/bscomputer.com\/pocetna\/#primaryimage\",\"url\":\"https:\/\/bscomputer.com\/wp-content\/uploads\/2025\/12\/66da9f55aa9e740b88b32ec7_Interir-One.webp\",\"contentUrl\":\"https:\/\/bscomputer.com\/wp-content\/uploads\/2025\/12\/66da9f55aa9e740b88b32ec7_Interir-One.webp\"},{\"@type\":\"BreadcrumbList\",\"@id\":\"https:\/\/bscomputer.com\/pocetna\/#breadcrumb\",\"itemListElement\":[{\"@type\":\"ListItem\",\"position\":1,\"name\":\"Home\",\"item\":\"https:\/\/bscomputer.com\/\"},{\"@type\":\"ListItem\",\"position\":2,\"name\":\"Po\u010detna\"}]},{\"@type\":\"WebSite\",\"@id\":\"https:\/\/bscomputer.com\/#website\",\"url\":\"https:\/\/bscomputer.com\/\",\"name\":\"BS Computer - Knows how\",\"description\":\"BS Computer - Knows how\",\"publisher\":{\"@id\":\"https:\/\/bscomputer.com\/#organization\"},\"potentialAction\":[{\"@type\":\"SearchAction\",\"target\":{\"@type\":\"EntryPoint\",\"urlTemplate\":\"https:\/\/bscomputer.com\/?s={search_term_string}\"},\"query-input\":{\"@type\":\"PropertyValueSpecification\",\"valueRequired\":true,\"valueName\":\"search_term_string\"}}],\"inLanguage\":\"en-GB\"},{\"@type\":\"Organization\",\"@id\":\"https:\/\/bscomputer.com\/#organization\",\"name\":\"BS Computer\",\"url\":\"https:\/\/bscomputer.com\/\",\"logo\":{\"@type\":\"ImageObject\",\"inLanguage\":\"en-GB\",\"@id\":\"https:\/\/bscomputer.com\/#\/schema\/logo\/image\/\",\"url\":\"https:\/\/bscomputer.com\/wp-content\/uploads\/2020\/01\/logo-1.png\",\"contentUrl\":\"https:\/\/bscomputer.com\/wp-content\/uploads\/2020\/01\/logo-1.png\",\"width\":3228,\"height\":2669,\"caption\":\"BS Computer\"},\"image\":{\"@id\":\"https:\/\/bscomputer.com\/#\/schema\/logo\/image\/\"},\"sameAs\":[\"https:\/\/www.facebook.com\/bscomputerzr\/\",\"https:\/\/x.com\/bscomputerzr\",\"https:\/\/www.linkedin.com\/company\/bs-computer\/?original_referer=httpsbscsolutions.rs\",\"https:\/\/www.youtube.com\/user\/bscomputerZR\",\"https:\/\/www.instagram.com\/bscomputer.sasabajic\/\"]}]}<\/script>\n<!-- \/ Yoast SEO plugin. -->","yoast_head_json":{"title":"Po\u010detna - Knows how","robots":{"index":"index","follow":"follow","max-snippet":"max-snippet:-1","max-image-preview":"max-image-preview:large","max-video-preview":"max-video-preview:-1"},"canonical":"https:\/\/bscomputer.com\/en\/pocetna\/","og_locale":"en_GB","og_type":"article","og_title":"Po\u010detna - Knows how","og_description":"Mi znamo kako BS COMPUTER BS Computer je osnovan 10. oktobra 2005. godine sa sedi\u0161tem u Zrenjaninu. Na\u0161 BSC tim zajedni\u010dki konstantno radi na unapre\u0111enju poslovanja i na pove\u0107anju kvaliteta i obima usluga koje pru\u017eamo. O nama Usluge Projekti Reference Kontakt","og_url":"https:\/\/bscomputer.com\/en\/pocetna\/","og_site_name":"Knows how","article_publisher":"https:\/\/www.facebook.com\/bscomputerzr\/","article_modified_time":"2025-12-16T20:53:35+00:00","og_image":[{"width":483,"height":520,"url":"https:\/\/bscomputer.com\/wp-content\/uploads\/2025\/12\/66da9f55aa9e740b88b32ec7_Interir-One.webp","type":"image\/webp"}],"twitter_card":"summary_large_image","twitter_site":"@bscomputerzr","twitter_misc":{"Estimated reading time":"1 minute"},"schema":{"@context":"https:\/\/schema.org","@graph":[{"@type":"WebPage","@id":"https:\/\/bscomputer.com\/pocetna\/","url":"https:\/\/bscomputer.com\/pocetna\/","name":"Po\u010detna - Knows how","isPartOf":{"@id":"https:\/\/bscomputer.com\/#website"},"primaryImageOfPage":{"@id":"https:\/\/bscomputer.com\/pocetna\/#primaryimage"},"image":{"@id":"https:\/\/bscomputer.com\/pocetna\/#primaryimage"},"thumbnailUrl":"https:\/\/bscomputer.com\/wp-content\/uploads\/2025\/12\/66da9f55aa9e740b88b32ec7_Interir-One.webp","datePublished":"2025-12-10T08:27:09+00:00","dateModified":"2025-12-16T20:53:35+00:00","breadcrumb":{"@id":"https:\/\/bscomputer.com\/pocetna\/#breadcrumb"},"inLanguage":"en-GB","potentialAction":[{"@type":"ReadAction","target":["https:\/\/bscomputer.com\/pocetna\/"]}]},{"@type":"ImageObject","inLanguage":"en-GB","@id":"https:\/\/bscomputer.com\/pocetna\/#primaryimage","url":"https:\/\/bscomputer.com\/wp-content\/uploads\/2025\/12\/66da9f55aa9e740b88b32ec7_Interir-One.webp","contentUrl":"https:\/\/bscomputer.com\/wp-content\/uploads\/2025\/12\/66da9f55aa9e740b88b32ec7_Interir-One.webp"},{"@type":"BreadcrumbList","@id":"https:\/\/bscomputer.com\/pocetna\/#breadcrumb","itemListElement":[{"@type":"ListItem","position":1,"name":"Home","item":"https:\/\/bscomputer.com\/"},{"@type":"ListItem","position":2,"name":"Po\u010detna"}]},{"@type":"WebSite","@id":"https:\/\/bscomputer.com\/#website","url":"https:\/\/bscomputer.com\/","name":"BS Computer - Knows how","description":"BS Computer - Knows how","publisher":{"@id":"https:\/\/bscomputer.com\/#organization"},"potentialAction":[{"@type":"SearchAction","target":{"@type":"EntryPoint","urlTemplate":"https:\/\/bscomputer.com\/?s={search_term_string}"},"query-input":{"@type":"PropertyValueSpecification","valueRequired":true,"valueName":"search_term_string"}}],"inLanguage":"en-GB"},{"@type":"Organization","@id":"https:\/\/bscomputer.com\/#organization","name":"BS Computer","url":"https:\/\/bscomputer.com\/","logo":{"@type":"ImageObject","inLanguage":"en-GB","@id":"https:\/\/bscomputer.com\/#\/schema\/logo\/image\/","url":"https:\/\/bscomputer.com\/wp-content\/uploads\/2020\/01\/logo-1.png","contentUrl":"https:\/\/bscomputer.com\/wp-content\/uploads\/2020\/01\/logo-1.png","width":3228,"height":2669,"caption":"BS Computer"},"image":{"@id":"https:\/\/bscomputer.com\/#\/schema\/logo\/image\/"},"sameAs":["https:\/\/www.facebook.com\/bscomputerzr\/","https:\/\/x.com\/bscomputerzr","https:\/\/www.linkedin.com\/company\/bs-computer\/?original_referer=httpsbscsolutions.rs","https:\/\/www.youtube.com\/user\/bscomputerZR","https:\/\/www.instagram.com\/bscomputer.sasabajic\/"]}]}},"_links":{"self":[{"href":"https:\/\/bscomputer.com\/en\/wp-json\/wp\/v2\/pages\/2727","targetHints":{"allow":["GET"]}}],"collection":[{"href":"https:\/\/bscomputer.com\/en\/wp-json\/wp\/v2\/pages"}],"about":[{"href":"https:\/\/bscomputer.com\/en\/wp-json\/wp\/v2\/types\/page"}],"author":[{"embeddable":true,"href":"https:\/\/bscomputer.com\/en\/wp-json\/wp\/v2\/users\/2"}],"replies":[{"embeddable":true,"href":"https:\/\/bscomputer.com\/en\/wp-json\/wp\/v2\/comments?post=2727"}],"version-history":[{"count":16,"href":"https:\/\/bscomputer.com\/en\/wp-json\/wp\/v2\/pages\/2727\/revisions"}],"predecessor-version":[{"id":2787,"href":"https:\/\/bscomputer.com\/en\/wp-json\/wp\/v2\/pages\/2727\/revisions\/2787"}],"wp:attachment":[{"href":"https:\/\/bscomputer.com\/en\/wp-json\/wp\/v2\/media?parent=2727"}],"curies":[{"name":"wp","href":"https:\/\/api.w.org\/{rel}","templated":true}]}}